{"id":1438,"date":"2026-03-17T22:08:25","date_gmt":"2026-03-17T22:08:25","guid":{"rendered":"https:\/\/maakal.com\/apple\/?post_type=product&#038;p=1438"},"modified":"2026-03-17T22:16:49","modified_gmt":"2026-03-17T22:16:49","slug":"macbook-air-13-chip-m5","status":"publish","type":"product","link":"https:\/\/maakal.com\/apple\/producto\/macbook-air-13-chip-m5\/","title":{"rendered":"MacBook Air 13\u201d, chip M5"},"content":{"rendered":"<ul>\n<li>CON LOS SUPERPODERES DEL CHIP\u00a0M5 \u2014 Gracias a su CPU y memoria unificada m\u00e1s r\u00e1pidas, el chip\u00a0M5 ofrece a\u00fan m\u00e1s rendimiento y fluidez en las apps, para que puedas trabajar en varias tareas a la vez y desarrollar tus proyectos creativos con total comodidad. El potente Neural\u00a0Engine y la GPU de \u00faltima generaci\u00f3n con Neural\u00a0Accelerators te ofrecen una plataforma ideal para la IA.<\/li>\n<li>APPLE\u00a0INTELLIGENCE \u2014 Apple\u00a0Intelligence es un sistema de inteligencia personal que te ayuda a escribir, expresarte y hacer de todo con mucha facilidad. Y las avanzadas protecciones de privacidad te dan la tranquilidad de saber que nadie m\u00e1s podr\u00e1 acceder a tus datos. Ni siquiera Apple.<\/li>\n<li>HASTA 18 HORAS DE BATER\u00cdA \u2014 El MacBook\u00a0Air tiene una duraci\u00f3n de bater\u00eda incre\u00edble y un rendimiento fuera de serie para que puedas trabajar o estudiar todo el d\u00eda sin tener que preocuparte por cargarlo.<\/li>\n<li>UNA BRILLANTE PANTALLA DE 13,6 PULGADAS \u2014 La pantalla Liquid\u00a0Retina es compatible con 1.000 millones de colores. Las fotos y los videos cobran un nivel de detalle y contraste espectacular, y los textos se ven supern\u00edtidos.<\/li>\n<li>C\u00c1MARA CENTER\u00a0STAGE DE 12\u00a0MP \u2014 Encuadre\u00a0Centrado ajusta el plano para no perderte nunca de vista en tus videollamadas, y Vista\u00a0del\u00a0Escritorio te permite mostrar tu espacio de trabajo desde arriba. Y gracias al sistema de sonido de tres micr\u00f3fonos y cuatro parlantes con Audio\u00a0Espacial y Dolby\u00a0Atmos, todo suena de maravilla.<\/li>\n<li>CON\u00c9CTATE CON TODO \u2014 El MacBook\u00a0Air viene con dos puertos Thunderbolt\u00a04, un puerto de carga MagSafe, una entrada para aud\u00edfonos y el chip N1 de Apple para Wi-Fi\u00a07 y Bluetooth\u00a06. Adem\u00e1s, te permite conectar hasta dos monitores externos.<\/li>\n<li>EN MACOS, TUS APPS VUELAN \u2014 Tus apps favoritas se ejecutan a la velocidad de un rayo en macOS, incluidas las apps integradas como FaceTime y Mensajes. Adem\u00e1s, la protecci\u00f3n integrada contra virus y las actualizaciones de software gratuitas ayudan a que tu Mac funcione de forma fluida y segura.<\/li>\n<li>SI TE GUSTA EL IPHONE, TE VA A ENCANTAR EL MAC \u2014 El Mac se lleva de maravilla con todos tus dispositivos Apple. Consulta y controla el contenido de tu iPhone desde tu Mac con Duplicaci\u00f3n del iPhone. Copia algo en el iPhone y p\u00e9galo en el Mac. Env\u00eda mensajes de texto desde el Mac con Mensajes o usa tu Mac para responder llamadas de FaceTime.<\/li>\n<\/ul>\n","protected":false},"excerpt":{"rendered":"<p><span style=\"font-weight: 400;\">Porder de alto vuelo.<\/span><\/p>\n<p>Con los superpoderes del chip M5.<\/p>\n","protected":false},"featured_media":1439,"comment_status":"open","ping_status":"closed","template":"","meta":{"_acf_changed":false},"product_brand":[],"product_cat":[18,19],"product_tag":[],"class_list":{"0":"post-1438","1":"product","2":"type-product","3":"status-publish","4":"has-post-thumbnail","6":"product_cat-apple","7":"product_cat-mac","9":"first","10":"instock","11":"shipping-taxable","12":"product-type-simple"},"acf":[],"_links":{"self":[{"href":"https:\/\/maakal.com\/apple\/wp-json\/wp\/v2\/product\/1438","targetHints":{"allow":["GET"]}}],"collection":[{"href":"https:\/\/maakal.com\/apple\/wp-json\/wp\/v2\/product"}],"about":[{"href":"https:\/\/maakal.com\/apple\/wp-json\/wp\/v2\/types\/product"}],"replies":[{"embeddable":true,"href":"https:\/\/maakal.com\/apple\/wp-json\/wp\/v2\/comments?post=1438"}],"wp:featuredmedia":[{"embeddable":true,"href":"https:\/\/maakal.com\/apple\/wp-json\/wp\/v2\/media\/1439"}],"wp:attachment":[{"href":"https:\/\/maakal.com\/apple\/wp-json\/wp\/v2\/media?parent=1438"}],"wp:term":[{"taxonomy":"product_brand","embeddable":true,"href":"https:\/\/maakal.com\/apple\/wp-json\/wp\/v2\/product_brand?post=1438"},{"taxonomy":"product_cat","embeddable":true,"href":"https:\/\/maakal.com\/apple\/wp-json\/wp\/v2\/product_cat?post=1438"},{"taxonomy":"product_tag","embeddable":true,"href":"https:\/\/maakal.com\/apple\/wp-json\/wp\/v2\/product_tag?post=1438"}],"curies":[{"name":"wp","href":"https:\/\/api.w.org\/{rel}","templated":true}]}}