{"id":1428,"date":"2026-03-13T21:34:17","date_gmt":"2026-03-13T21:34:17","guid":{"rendered":"https:\/\/maakal.com\/apple\/?post_type=product&#038;p=1428"},"modified":"2026-03-13T21:53:01","modified_gmt":"2026-03-13T21:53:01","slug":"macbook-pro-14-chip-m5-max","status":"publish","type":"product","link":"https:\/\/maakal.com\/apple\/producto\/macbook-pro-14-chip-m5-max\/","title":{"rendered":"MacBook Pro 14\u201d, chip M5 Max"},"content":{"rendered":"<ul>\n<li>PREP\u00c1RATE PARA VOLAR \u2014 Adem\u00e1s de una CPU de \u00faltima generaci\u00f3n, una memoria unificada m\u00e1s r\u00e1pida y el doble de almacenamiento inicial, los chips M5\u00a0Pro y M5\u00a0Max vienen con una GPU m\u00e1s potente con un Neural Accelerator integrado en cada n\u00facleo que dispara el rendimiento de la IA y las funciones de entrenamiento en el dispositivo. As\u00ed, podr\u00e1s trabajar en proyectos exigentes a mil por hora.<\/li>\n<li>DISE\u00d1ADO PARA LA IA \u2014 Los chips de Apple y los componentes principales que los potencian est\u00e1n dise\u00f1ados para ejecutar procesos complejos de IA en el dispositivo, como los de inferencia y entrenamiento de grandes modelos de lenguaje. Y Apple Intelligence te ayuda a escribir, expresarte y hacer de todo f\u00e1cilmente, con revolucionarias protecciones de privacidad a cada paso.<\/li>\n<li>BATER\u00cdA PARA TODO EL D\u00cdA \u2014 El MacBook\u00a0Pro ofrece el mismo rendimiento incre\u00edble tanto si est\u00e1 conectado a la corriente como funcionando con la bater\u00eda.<\/li>\n<li>EN MACOS, TUS APPS VUELAN \u2014 Tus apps favoritas se ejecutan a la velocidad de un rayo en macOS, incluidas las apps integradas como FaceTime y Mensajes. Adem\u00e1s, la protecci\u00f3n integrada contra virus y las actualizaciones de software gratuitas ayudan a que tu Mac funcione de forma fluida y segura.<\/li>\n<li>SI TE GUSTA EL IPHONE, TE VA A ENCANTAR EL MAC \u2014 El Mac se lleva de maravilla con todos tus dispositivos Apple. Consulta y controla el contenido de tu iPhone desde tu Mac con Duplicaci\u00f3n del iPhone. Copia algo en el iPhone y p\u00e9galo en la Mac. Y env\u00eda mensajes de texto con Mensajes o usa tu Mac para responder llamadas de FaceTime.<\/li>\n<li>UNA PANTALLA PRO DESLUMBRANTE \u2014 La pantalla Liquid Retina XDR de 16,2\u00a0pulgadas tiene un pico de brillo de 1.600\u00a0nits, hasta 1.000\u00a0nits de brillo constante y relaci\u00f3n de contraste 1.000.000:1.<\/li>\n<li>C\u00c1MARA Y AUDIO AVANZADOS \u2014 S\u00e9 siempre el centro de atenci\u00f3n gracias a la c\u00e1mara Center Stage de 12\u00a0MP, los tres micr\u00f3fonos con calidad de estudio y las seis bocinas con Audio Espacial compatibles con Dolby Atmos.<\/li>\n<li>CON\u00c9CTATE CON TODO \u2014 Viene con tres puertos Thunderbolt\u00a05, un puerto de carga MagSafe\u00a03, ranura para tarjeta SDXC, puerto HDMI, entrada para aud\u00edfonos y el chip inal\u00e1mbrico N1 dise\u00f1ado por Apple para conexiones Wi-Fi\u00a07 y Bluetooth\u00a06. Y admite hasta tres monitores externos en el modelo con chip M5\u00a0Pro, y hasta cuatro en el modelo con chip M5\u00a0Max.<\/li>\n<\/ul>\n","protected":false},"excerpt":{"rendered":"<p>Un legado de velocidad.<\/p>\n","protected":false},"featured_media":197,"comment_status":"open","ping_status":"closed","template":"","meta":{"_acf_changed":false},"product_brand":[],"product_cat":[18,19],"product_tag":[],"class_list":{"0":"post-1428","1":"product","2":"type-product","3":"status-publish","4":"has-post-thumbnail","6":"product_cat-apple","7":"product_cat-mac","9":"first","10":"instock","11":"shipping-taxable","12":"product-type-simple"},"acf":[],"_links":{"self":[{"href":"https:\/\/maakal.com\/apple\/wp-json\/wp\/v2\/product\/1428","targetHints":{"allow":["GET"]}}],"collection":[{"href":"https:\/\/maakal.com\/apple\/wp-json\/wp\/v2\/product"}],"about":[{"href":"https:\/\/maakal.com\/apple\/wp-json\/wp\/v2\/types\/product"}],"replies":[{"embeddable":true,"href":"https:\/\/maakal.com\/apple\/wp-json\/wp\/v2\/comments?post=1428"}],"wp:featuredmedia":[{"embeddable":true,"href":"https:\/\/maakal.com\/apple\/wp-json\/wp\/v2\/media\/197"}],"wp:attachment":[{"href":"https:\/\/maakal.com\/apple\/wp-json\/wp\/v2\/media?parent=1428"}],"wp:term":[{"taxonomy":"product_brand","embeddable":true,"href":"https:\/\/maakal.com\/apple\/wp-json\/wp\/v2\/product_brand?post=1428"},{"taxonomy":"product_cat","embeddable":true,"href":"https:\/\/maakal.com\/apple\/wp-json\/wp\/v2\/product_cat?post=1428"},{"taxonomy":"product_tag","embeddable":true,"href":"https:\/\/maakal.com\/apple\/wp-json\/wp\/v2\/product_tag?post=1428"}],"curies":[{"name":"wp","href":"https:\/\/api.w.org\/{rel}","templated":true}]}}