{"id":1410,"date":"2026-03-13T19:24:14","date_gmt":"2026-03-13T19:24:14","guid":{"rendered":"https:\/\/maakal.com\/apple\/?post_type=product&#038;p=1410"},"modified":"2026-03-13T20:22:08","modified_gmt":"2026-03-13T20:22:08","slug":"macbook-neo-13","status":"publish","type":"product","link":"https:\/\/maakal.com\/apple\/producto\/macbook-neo-13\/","title":{"rendered":"MacBook Neo 13&#8243;"},"content":{"rendered":"<ul>\n<li>LA L\u00cdNEA DE MACBOOK M\u00c1S COLORIDA HASTA AHORA \u2014 Elige entre color plata, rosa rubor, amarillo c\u00edtrico o \u00edndigo. Cada uno viene con un teclado a juego para que te luzcas por completo. Y como tiene un resistente dise\u00f1o de aluminio, el MacBook Neo est\u00e1 preparado para ir contigo a todas partes.<\/li>\n<li>POTENCIA PARA LAS TAREAS DE TODOS LOS D\u00cdAS \u2014 En cuanto lo abres, el chip A18\u00a0Pro entra en acci\u00f3n para ofrecerte el rendimiento y las capacidades de IA que necesitas para hacerlo todo. Edita fotos familiares, trabaja con hojas de c\u00e1lculo, usa la IA para resumir tus apuntes y disfruta los \u00faltimos juegos de Apple Arcade.<\/li>\n<li>HASTA 16 HORAS DE BATER\u00cdA \u2014 El MacBook Neo tiene bater\u00eda para todo el d\u00eda. Puede acompa\u00f1arte desde la primera clase de la ma\u00f1ana hasta el \u00faltimo repaso antes de dormir.<\/li>\n<li>UNA BRILLANTE PANTALLA DE 13 PULGADAS \u2014 La espectacular pantalla Liquid Retina es un deleite para tus ojos. Con una resoluci\u00f3n de 2408\u00a0x\u00a01506, hasta 500 nits de brillo y la compatibilidad con 1.000 millones de colores, las im\u00e1genes tienen una definici\u00f3n asombrosa y los textos se ven supern\u00edtidos.<\/li>\n<li>PARA VERTE Y ESCUCHARTE MEJOR \u2014 El MacBook Neo viene con una c\u00e1mara FaceTime HD de 1080p, un sistema de dos micr\u00f3fonos que amplifica tu voz en las videollamadas y dos parlantes laterales que ofrecen un sonido inmersivo con Audio Espacial.<\/li>\n<li>DISE\u00d1ADO PARA LA IA \u2014 Los chips de Apple y sus componentes principales est\u00e1n dise\u00f1ados para ejecutar tareas de IA en el dispositivo con una eficiencia energ\u00e9tica incre\u00edble. Y Apple Intelligence te ayuda a escribir, expresarte y hacer de todo f\u00e1cilmente, con revolucionarias protecciones de privacidad a cada paso.<\/li>\n<li>MACOS PONE A VOLAR LAS APPS \u2014 Tus apps favoritas pisan el acelerador en macOS, incluidas las apps integradas como FaceTime y Mensajes.<\/li>\n<li>SI TE GUSTA EL IPHONE, TE VA A ENCANTAR EL MAC \u2014 El Mac se lleva de maravilla con todos tus dispositivos Apple. Consulta y controla el contenido de tu iPhone desde tu Mac con Duplicaci\u00f3n del iPhone. Copia algo en el iPhone y p\u00e9galo en el Mac. Env\u00eda mensajes de texto desde el Mac con Mensajes o usa tu Mac para responder llamadas de FaceTime.<\/li>\n<li>PRIVACIDAD Y SEGURIDAD \u2014 Las protecciones antivirus integradas y las actualizaciones de software gratuitas ayudan a que tu MacBook Neo siga funcionando de forma fluida y segura. FileVault encripta tus archivos para que nadie m\u00e1s pueda acceder a ellos. La app Encontrar te ayuda a localizar tu Mac en caso de robo o p\u00e9rdida. El modelo de MacBook Neo con tecla de bloqueo te permite activar y desactivar la pantalla y prender y apagar tu Mac. Y el modelo con Touch ID usa tu huella digital para desbloquear el Mac e iniciar sesi\u00f3n en apps y sitios web.<\/li>\n<\/ul>\n","protected":false},"excerpt":{"rendered":"<p>El nuevo MacBook Neo vuela por las tareas diarias y tus apps favoritas. Tiene un dise\u00f1o resistente de aluminio en cuatro colores irresistibles, una brillante pantalla LiquidRetina de 13 pulgadas y hasta 16 horas de bater\u00eda. Es un Mac incre\u00edble a un precio sorprendente.<\/p>\n","protected":false},"featured_media":1426,"comment_status":"open","ping_status":"closed","template":"","meta":{"_acf_changed":false},"product_brand":[],"product_cat":[18,19],"product_tag":[],"class_list":{"0":"post-1410","1":"product","2":"type-product","3":"status-publish","4":"has-post-thumbnail","6":"product_cat-apple","7":"product_cat-mac","9":"first","10":"instock","11":"shipping-taxable","12":"product-type-simple"},"acf":[],"_links":{"self":[{"href":"https:\/\/maakal.com\/apple\/wp-json\/wp\/v2\/product\/1410","targetHints":{"allow":["GET"]}}],"collection":[{"href":"https:\/\/maakal.com\/apple\/wp-json\/wp\/v2\/product"}],"about":[{"href":"https:\/\/maakal.com\/apple\/wp-json\/wp\/v2\/types\/product"}],"replies":[{"embeddable":true,"href":"https:\/\/maakal.com\/apple\/wp-json\/wp\/v2\/comments?post=1410"}],"wp:featuredmedia":[{"embeddable":true,"href":"https:\/\/maakal.com\/apple\/wp-json\/wp\/v2\/media\/1426"}],"wp:attachment":[{"href":"https:\/\/maakal.com\/apple\/wp-json\/wp\/v2\/media?parent=1410"}],"wp:term":[{"taxonomy":"product_brand","embeddable":true,"href":"https:\/\/maakal.com\/apple\/wp-json\/wp\/v2\/product_brand?post=1410"},{"taxonomy":"product_cat","embeddable":true,"href":"https:\/\/maakal.com\/apple\/wp-json\/wp\/v2\/product_cat?post=1410"},{"taxonomy":"product_tag","embeddable":true,"href":"https:\/\/maakal.com\/apple\/wp-json\/wp\/v2\/product_tag?post=1410"}],"curies":[{"name":"wp","href":"https:\/\/api.w.org\/{rel}","templated":true}]}}