{"id":114,"date":"2025-07-30T13:37:20","date_gmt":"2025-07-30T13:37:20","guid":{"rendered":"https:\/\/maakal.com\/apple-colombia\/?post_type=product&#038;p=114"},"modified":"2025-08-06T01:22:57","modified_gmt":"2025-08-06T01:22:57","slug":"macbook-pro","status":"publish","type":"product","link":"https:\/\/maakal.com\/apple\/producto\/macbook-pro\/","title":{"rendered":"MacBook Pro 14\u201d, chip M4"},"content":{"rendered":"<p><span style=\"font-weight: 400;\"><strong>DISE\u00d1ADA PARA APPLE INTELLIGENCE<\/strong> \u2014 Apple Intelligence es un sistema de inteligencia personal que te ayuda a escribir, expresarte y hacer de todo con mucha facilidad. Y las avanzadas protecciones de privacidad te dan la tranquilidad de saber que nadie m\u00e1s podr\u00e1 acceder a tus datos. Ni siquiera Apple.<\/span><\/p>\n<p><span style=\"font-weight: 400;\"><strong>HASTA 24 HORAS DE BATER\u00cdA<\/strong> \u2014 La MacBook Pro de 14 pulgadas ofrece el mismo rendimiento incre\u00edble tanto si est\u00e1 enchufada\u00b7<\/span><\/p>\n<p><span style=\"font-weight: 400;\"><strong>CON LOS SUPERPODERES DEL CHIP M4<\/strong> \u2014 El chip M4 dispara la velocidad y el rendimiento para que vueles por las tareas de todos los d\u00edas en tu empresa y puedas usar apps profesionales y de productividad al mismo tiempo. <\/span>o funcionando con la bater\u00eda.<\/p>\n<p><span style=\"font-weight: 400;\"><strong>LAS APPS VUELAN CON EL CHIP DE APPLE<\/strong> \u2014 Tus apps favoritas para trabajar, como Microsoft 365 y Adobe Creative Cloud, se ejecutan a la velocidad de un rayo en macOS.<\/span><\/p>\n<p><span style=\"font-weight: 400;\"><strong>SI TE GUSTA EL IPHONE, TE VA A ENCANTAR LA MAC<\/strong> \u2014 La Mac se lleva de maravilla con todos tus dispositivos Apple. Consulta y controla el contenido de tu iPhone desde tu Mac con Duplicaci\u00f3n del iPhone. Copia algo en el iPhone y p\u00e9galo en la Mac. Y manda mensajes de texto con Mensajes o usa tu Mac para hacer y contestar llamadas de FaceTime.<\/span><\/p>\n<p><span style=\"font-weight: 400;\"><strong>UNA PANTALLA PRO DESLUMBRANTE<\/strong> \u2014 La pantalla Liquid Retina XDR de 14.2 pulgadas tiene un pico de brillo de 1,600 nits, hasta 1,000 nits de brillo constante y relaci\u00f3n de contraste 1,000,000:1. Adem\u00e1s, viene con opci\u00f3n de acabado nanotexturizado, que reduce los reflejos.<\/span><\/p>\n<p><span style=\"font-weight: 400;\"><strong>C\u00c1MARA Y AUDIO AVANZADOS<\/strong> \u2014 S\u00e9 siempre el centro de atenci\u00f3n gracias a la c\u00e1mara 12MP Center Stage, los tres micr\u00f3fonos con calidad de estudio y las seis bocinas con Audio Espacial compatibles con Dolby Atmos.<\/span><\/p>\n<p><span style=\"font-weight: 400;\"><strong>CON\u00c9CTATE CON TODO<\/strong> \u2014 La MacBook Pro de 14 pulgadas viene con tres puertos Thunderbolt 4, un puerto de carga MagSafe 3, ranura para tarjeta SDXC, puerto HDMI y entrada para aud\u00edfonos. Y admite hasta dos monitores externos.<\/span><\/p>\n<p><span style=\"font-weight: 400;\"><strong>PRIVACIDAD Y SEGURIDAD INTEGRADAS<\/strong> \u2014 Cada Mac trae la mejor protecci\u00f3n frente a virus y malware. La app Encontrar te ayuda a recuperarla si la pierdes o te la roban, FileVault se asegura de que tus archivos est\u00e9n encriptados para que nadie m\u00e1s pueda acceder a ellos y las actualizaciones de seguridad gratuitas ayudan a proteger tu Mac.<\/span><\/p>\n","protected":false},"excerpt":{"rendered":"<p><span style=\"font-weight: 400;\">La MacBook Pro de 14 pulgadas con chip M4 ofrece un rendimiento espectacular para enfrentar las tareas empresariales m\u00e1s exigentes, ejecuta todas las apps profesionales a la velocidad de un rayo y est\u00e1 dise\u00f1ada para Apple Intelligence. Con hasta 24 horas de bater\u00eda para acompa\u00f1arte en un d\u00eda intenso de trabajo y una pantalla Liquid Retina XDR perfecta para hacer multitasking, es una pro en todos los sentidos a la hora de trabajar.<\/span><\/p>\n","protected":false},"featured_media":197,"comment_status":"open","ping_status":"closed","template":"","meta":{"_acf_changed":false},"product_brand":[],"product_cat":[18,19],"product_tag":[],"class_list":{"0":"post-114","1":"product","2":"type-product","3":"status-publish","4":"has-post-thumbnail","6":"product_cat-apple","7":"product_cat-mac","9":"first","10":"instock","11":"shipping-taxable","12":"product-type-simple"},"acf":[],"_links":{"self":[{"href":"https:\/\/maakal.com\/apple\/wp-json\/wp\/v2\/product\/114","targetHints":{"allow":["GET"]}}],"collection":[{"href":"https:\/\/maakal.com\/apple\/wp-json\/wp\/v2\/product"}],"about":[{"href":"https:\/\/maakal.com\/apple\/wp-json\/wp\/v2\/types\/product"}],"replies":[{"embeddable":true,"href":"https:\/\/maakal.com\/apple\/wp-json\/wp\/v2\/comments?post=114"}],"wp:featuredmedia":[{"embeddable":true,"href":"https:\/\/maakal.com\/apple\/wp-json\/wp\/v2\/media\/197"}],"wp:attachment":[{"href":"https:\/\/maakal.com\/apple\/wp-json\/wp\/v2\/media?parent=114"}],"wp:term":[{"taxonomy":"product_brand","embeddable":true,"href":"https:\/\/maakal.com\/apple\/wp-json\/wp\/v2\/product_brand?post=114"},{"taxonomy":"product_cat","embeddable":true,"href":"https:\/\/maakal.com\/apple\/wp-json\/wp\/v2\/product_cat?post=114"},{"taxonomy":"product_tag","embeddable":true,"href":"https:\/\/maakal.com\/apple\/wp-json\/wp\/v2\/product_tag?post=114"}],"curies":[{"name":"wp","href":"https:\/\/api.w.org\/{rel}","templated":true}]}}