{"id":113,"date":"2025-07-30T13:37:09","date_gmt":"2025-07-30T13:37:09","guid":{"rendered":"https:\/\/maakal.com\/apple-colombia\/?post_type=product&#038;p=113"},"modified":"2025-07-30T22:49:07","modified_gmt":"2025-07-30T22:49:07","slug":"macbook-air","status":"publish","type":"product","link":"https:\/\/maakal.com\/apple\/producto\/macbook-air\/","title":{"rendered":"MacBook Air 13\u201d, chip M4"},"content":{"rendered":"<p><span style=\"font-weight: 400;\"><strong>CON LOS SUPERPODERES DEL CHIP M4<\/strong> \u2014 El chip M4 de Apple dispara la velocidad en todo lo que haces. Trabaja en varias apps al mismo tiempo, edita hojas de c\u00e1lculo complejas y colabora con tus equipos en videollamadas.<\/span><br \/>\n<span style=\"padding: 10px;\"><\/p>\n<hr \/>\n<p><\/span><br \/>\n<span style=\"font-weight: 400;\"><strong>DISE\u00d1ADA PARA APPLE INTELLIGENCE<\/strong> \u2014 Apple Intelligence es un sistema de inteligencia personal que te ayuda a escribir, expresarte y hacer de todo con mucha facilidad. Y las avanzadas protecciones de privacidad te dan la tranquilidad de saber que nadie m\u00e1s podr\u00e1 acceder a tus datos. Ni siquiera Apple.<\/span><br \/>\n<span style=\"padding: 10px;\"><\/p>\n<hr \/>\n<p><\/span><\/p>\n<p><span style=\"font-weight: 400;\"><strong>HASTA 18 HORAS DE BATER\u00cdA<\/strong> \u2014 La MacBook Air ofrece el mismo rendimiento incre\u00edble tanto si est\u00e1 enchufada o funcionando con la bater\u00eda.<\/span><br \/>\n<span style=\"padding: 10px;\"><\/p>\n<hr \/>\n<p><\/span><br \/>\n<span style=\"font-weight: 400;\"><strong>DISE\u00d1O PORT\u00c1TIL<\/strong> \u2014 Es superligera y tiene poco m\u00e1s de un cent\u00edmetro de grosor. La MacBook Air encaja perfecto en el ritmo de tu vida laboral y en tu mochila.<\/span><br \/>\n<span style=\"padding: 10px;\"><\/p>\n<hr \/>\n<p><\/span><br \/>\n<span style=\"font-weight: 400;\"><strong>UNA PANTALLA BRILLANTE<\/strong> \u2014 La pantalla Liquid Retina de 13.6 pulgadas es compatible con 1,000 millones de colores.3 Las im\u00e1genes y los videos cobran un nivel de detalle y contraste espectacular, y los textos se ven supern\u00edtidos.<\/span><br \/>\n<span style=\"padding: 10px;\"><\/p>\n<hr \/>\n<p><\/span><br \/>\n<span style=\"font-weight: 400;\"><strong>PARA VERTE Y ESCUCHARTE MEJOR<\/strong> \u2014 Con la c\u00e1mara 12MP Center Stage, los tres micr\u00f3fonos y las cuatro bocinas con Audio Espacial, las videoconferencias y las llamadas de FaceTime se ver\u00e1n y se escuchar\u00e1n incre\u00edble.<\/span><br \/>\n<span style=\"padding: 10px;\"><\/p>\n<hr \/>\n<p><\/span><br \/>\n<span style=\"font-weight: 400;\"><strong>CON\u00c9CTATE CON TODO<\/strong> \u2014 La MacBook Air te permite conectar hasta dos monitores externos. Y viene con dos puertos Thunderbolt 4, una entrada para aud\u00edfonos, Wi-Fi 6E, Bluetooth 5.3 y un puerto de carga MagSafe.<\/span><br \/>\n<span style=\"padding: 10px;\"><\/p>\n<hr \/>\n<p><\/span><br \/>\n<span style=\"font-weight: 400;\"><strong>LAS APPS VUELAN CON MACOS<\/strong> \u2014 Tus apps de trabajo favoritas, como Microsoft 365, Adobe Creative Cloud y Google Workspace, se ejecutan a la velocidad de un rayo.<\/span><br \/>\n<span style=\"padding: 10px;\"><\/p>\n<hr \/>\n<p><\/span><br \/>\n<span style=\"font-weight: 400;\"><strong>SI TE GUSTA EL IPHONE, TE VA A ENCANTAR LA MAC<\/strong> \u2014 La Mac se lleva de maravilla con todos tus dispositivos Apple. Consulta y controla el contenido de tu iPhone desde tu Mac con Duplicaci\u00f3n del iPhone.7 Copia algo en el iPhone y p\u00e9galo en la Mac. Y manda mensajes de texto con Mensajes o usa tu Mac para hacer y contestar llamadas de FaceTime.<\/span><\/p>\n","protected":false},"excerpt":{"rendered":"<p><span style=\"font-weight: 400;\">La MacBook Air de 13 pulgadas con chip M4 te da toda la velocidad que necesitas para trabajar mejor. Con Apple Intelligence, su brillante pantalla Liquid Retina, hasta 18 horas de bater\u00eda y su dise\u00f1o incre\u00edblemente delgado, ligero y resistente, est\u00e1 lista para enfrentarse a cualquier trabajo en cualquier lugar.<\/span><\/p>\n","protected":false},"featured_media":435,"comment_status":"open","ping_status":"closed","template":"","meta":{"_acf_changed":false},"product_brand":[],"product_cat":[18,19],"product_tag":[],"class_list":{"0":"post-113","1":"product","2":"type-product","3":"status-publish","4":"has-post-thumbnail","6":"product_cat-apple","7":"product_cat-mac","9":"first","10":"instock","11":"shipping-taxable","12":"product-type-simple"},"acf":[],"_links":{"self":[{"href":"https:\/\/maakal.com\/apple\/wp-json\/wp\/v2\/product\/113","targetHints":{"allow":["GET"]}}],"collection":[{"href":"https:\/\/maakal.com\/apple\/wp-json\/wp\/v2\/product"}],"about":[{"href":"https:\/\/maakal.com\/apple\/wp-json\/wp\/v2\/types\/product"}],"replies":[{"embeddable":true,"href":"https:\/\/maakal.com\/apple\/wp-json\/wp\/v2\/comments?post=113"}],"wp:featuredmedia":[{"embeddable":true,"href":"https:\/\/maakal.com\/apple\/wp-json\/wp\/v2\/media\/435"}],"wp:attachment":[{"href":"https:\/\/maakal.com\/apple\/wp-json\/wp\/v2\/media?parent=113"}],"wp:term":[{"taxonomy":"product_brand","embeddable":true,"href":"https:\/\/maakal.com\/apple\/wp-json\/wp\/v2\/product_brand?post=113"},{"taxonomy":"product_cat","embeddable":true,"href":"https:\/\/maakal.com\/apple\/wp-json\/wp\/v2\/product_cat?post=113"},{"taxonomy":"product_tag","embeddable":true,"href":"https:\/\/maakal.com\/apple\/wp-json\/wp\/v2\/product_tag?post=113"}],"curies":[{"name":"wp","href":"https:\/\/api.w.org\/{rel}","templated":true}]}}