{"id":112,"date":"2025-07-30T13:36:54","date_gmt":"2025-07-30T13:36:54","guid":{"rendered":"https:\/\/maakal.com\/apple-colombia\/?post_type=product&#038;p=112"},"modified":"2025-07-30T19:37:25","modified_gmt":"2025-07-30T19:37:25","slug":"ipad-pro","status":"publish","type":"product","link":"https:\/\/maakal.com\/apple\/producto\/ipad-pro\/","title":{"rendered":"iPad Pro 13\u201d, chip M4"},"content":{"rendered":"<p><span style=\"font-weight: 400;\"><strong> PANTALLA ULTRA RETINA XDR DE 13 PULGADAS<\/strong> \u2014 La pantalla Ultra Retina XDR ofrece un brillo y un <\/span>contraste extremos, una incre\u00edble precisi\u00f3n de color y avanzadas funcionalidades como ProMotion, amplia gama de colores P3 y True Tone.4 Adem\u00e1s, los modelos de 1 TB y 2 TB est\u00e1n disponibles con una opci\u00f3n de vidrio nanotexturizado.<\/p>\n<p><span style=\"padding: 10px;\"><\/p>\n<hr>\n<p><\/span><\/p>\n<p><span style=\"font-weight: 400;\"><strong> DISE\u00d1ADO PARA APPLE INTELLIGENCE<\/strong> \u2014 Apple Intelligence es el sistema de inteligencia personal que te <\/span>ayuda a escribir, expresarte y hacer de todo con mucha facilidad. Y las avanzadas protecciones de privacidad perfectamente integradas en el iPad te dan la tranquilidad de saber que nadie m\u00e1s podr\u00e1 acceder a tus datos. Ni siquiera Apple.<\/p>\n<p><span style=\"padding: 10px;\"><\/p>\n<hr>\n<p><\/span><\/p>\n<p><span style=\"font-weight: 400;\"><strong> RENDIMIENTO Y ALMACENAMIENTO<\/strong> \u2014 El CPU de hasta 10 n\u00facleos del chip M4 tiene un rendimiento fuera <\/span>de serie y el GPU de 10 n\u00facleos se encarga de que los gr\u00e1ficos vayan a toda velocidad. Y como la bater\u00eda te aguanta el ritmo todo el d\u00eda, podr\u00e1s hacer todo lo que te imagines y m\u00e1s. Config\u00faralo con hasta 2 TB de almacenamiento para guardar apps, videos 4K y otros archivos gigantes.<\/p>\n<p><span style=\"padding: 10px;\"><\/p>\n<hr>\n<p><\/span><\/p>\n<p><span style=\"font-weight: 400;\"><strong> IPADOS + APPS \u2014 iPadOS<\/strong> hace que el iPad sea m\u00e1s productivo, intuitivo y vers\u00e1til. Te permite ejecutar <\/span>varias apps al mismo tiempo, usar el Apple Pencil para escribir en cualquier campo de texto con la funcionalidad Escribir a Mano, y editar y compartir fotos. Puedes conectar un monitor externo y trabajar en varias tareas a la vez con el Organizador Visual, superponiendo apps y cambiando el tama\u00f1o de las ventanas. Las apps esenciales de Apple, como Safari, Mensajes y Keynote, ya vienen instaladas en el iPad Pro, y hay m\u00e1s de un mill\u00f3n de apps dise\u00f1adas especialmente para el iPad disponibles en el App Store.<\/p>\n<p><span style=\"padding: 10px;\"><\/p>\n<hr>\n<p><\/span><\/p>\n<p><span style=\"font-weight: 400;\"><strong> APPLE PENCIL Y MAGIC KEYBOARD PARA EL IPAD PRO<\/strong> \u2014 El Apple Pencil Pro convierte el iPad Pro en <\/span>un gran lienzo para darle rienda suelta a tu creatividad y en el mejor dispositivo del mundo para tomar notas. El iPad Pro tambi\u00e9n es compatible con el Apple Pencil (USB-C). El Magic Keyboard para el iPad Pro tiene un dise\u00f1o delgado y ligero y un trackpad de vidrio integrado con respuesta h\u00e1ptica. Te permite escribir c\u00f3modamente mientras protege el iPad. Los accesorios se venden por separado.<\/p>\n<p><span style=\"padding: 10px;\"><\/p>\n<hr>\n<p><\/span><\/p>\n<p><span style=\"font-weight: 400;\"><strong>C\u00c1MARAS AVANZADAS<\/strong> \u2014 El iPad Pro viene con una c\u00e1mara frontal 12MP Center Stage que es perfecta <\/span>para hacer videollamadas y sacarte selfies incre\u00edbles con el modo Retrato. La c\u00e1mara trasera gran angular de 12 MP con flash True Tone adaptativo es ideal para tomar fotos y grabar videos ProRes 4K. Los cuatro micr\u00f3fonos con calidad de estudio y el sistema de sonido de cuatro bocinas te permiten disfrutar una alt\u00edsima calidad de audio. Y las experiencias con realidad aumentada van un paso m\u00e1s all\u00e1 gracias al esc\u00e1ner LiDAR, que es capaz de crear un mapa de profundidad de cualquier espacio.<\/p>\n<p><span style=\"padding: 10px;\"><\/p>\n<hr>\n<p><\/span><\/p>\n<p><span style=\"font-weight: 400;\"><strong> CONECTIVIDAD<\/strong> \u2014 Con la r\u00e1pida conexi\u00f3n inal\u00e1mbrica Wi-Fi 6E puedes transferir fotos, documentos y <\/span>archivos de video pesados a toda velocidad.2 Si no hay Wi-Fi cerca, la conexi\u00f3n celular 5G te da la opci\u00f3n de seguir en contacto desde cualquier lugar y agregar un plan de datos flexible cuando lo necesites. Y con el puerto USB-C compatible con Thunderbolt\/USB 4, puedes conectar monitores externos, discos duros y mucho m\u00e1s.<\/p>\n<p><span style=\"padding: 10px;\"><\/p>\n<hr>\n<p><\/span><\/p>\n<p><span style=\"font-weight: 400;\"><strong>DESBLOQUEA Y PAGA CON FACE ID<\/strong> \u2014 Con tan s\u00f3lo verlo, puedes desbloquear tu iPad Pro, autorizar <\/span>compras de forma segura, iniciar sesi\u00f3n en apps y mucho m\u00e1s.<\/p>\n","protected":false},"excerpt":{"rendered":"<p><span style=\"font-weight: 400;\">El iPad Pro fue dise\u00f1ado para Apple Intelligence. Es incre\u00edblemente delgado y viene con el descomunal <\/span><span style=\"font-weight: 400;\">rendimiento del chip M4 de Apple, una revolucionaria pantalla Ultra Retina XDR y conexiones Wi-Fi 6E2 y 5G3 <\/span><span style=\"font-weight: 400;\">ultrarr\u00e1pidas. Adem\u00e1s, es compatible con apps esenciales como Microsoft 365 y Salesforce. Y combinado con el <\/span><span style=\"font-weight: 400;\">Apple Pencil Pro y el Magic Keyboard, es la oficina port\u00e1til perfecta para proyectos profesionales.<\/span><\/p>\n","protected":false},"featured_media":260,"comment_status":"open","ping_status":"closed","template":"","meta":{"_acf_changed":false},"product_brand":[],"product_cat":[18,20],"product_tag":[],"class_list":{"0":"post-112","1":"product","2":"type-product","3":"status-publish","4":"has-post-thumbnail","6":"product_cat-apple","7":"product_cat-ipad","9":"first","10":"instock","11":"shipping-taxable","12":"product-type-simple"},"acf":[],"_links":{"self":[{"href":"https:\/\/maakal.com\/apple\/wp-json\/wp\/v2\/product\/112","targetHints":{"allow":["GET"]}}],"collection":[{"href":"https:\/\/maakal.com\/apple\/wp-json\/wp\/v2\/product"}],"about":[{"href":"https:\/\/maakal.com\/apple\/wp-json\/wp\/v2\/types\/product"}],"replies":[{"embeddable":true,"href":"https:\/\/maakal.com\/apple\/wp-json\/wp\/v2\/comments?post=112"}],"wp:featuredmedia":[{"embeddable":true,"href":"https:\/\/maakal.com\/apple\/wp-json\/wp\/v2\/media\/260"}],"wp:attachment":[{"href":"https:\/\/maakal.com\/apple\/wp-json\/wp\/v2\/media?parent=112"}],"wp:term":[{"taxonomy":"product_brand","embeddable":true,"href":"https:\/\/maakal.com\/apple\/wp-json\/wp\/v2\/product_brand?post=112"},{"taxonomy":"product_cat","embeddable":true,"href":"https:\/\/maakal.com\/apple\/wp-json\/wp\/v2\/product_cat?post=112"},{"taxonomy":"product_tag","embeddable":true,"href":"https:\/\/maakal.com\/apple\/wp-json\/wp\/v2\/product_tag?post=112"}],"curies":[{"name":"wp","href":"https:\/\/api.w.org\/{rel}","templated":true}]}}