{"id":111,"date":"2025-07-30T13:36:37","date_gmt":"2025-07-30T13:36:37","guid":{"rendered":"https:\/\/maakal.com\/apple-colombia\/?post_type=product&#038;p=111"},"modified":"2025-07-30T19:38:32","modified_gmt":"2025-07-30T19:38:32","slug":"ipad-air","status":"publish","type":"product","link":"https:\/\/maakal.com\/apple\/producto\/ipad-air\/","title":{"rendered":"iPad Air 13\u201d, chip M3"},"content":{"rendered":"<p><span style=\"font-weight: 400;\"><strong> PANTALLA LIQUID RETINA DE 13 PULGADAS<\/strong> \u2014 La espectacular pantalla Liquid Retina integra tecnolog\u00edas <\/span>avanzadas como True Tone, amplia gama de colores P3 y una reflectividad extremadamente baja para que todo se vea de maravilla.<br \/>\n<span style=\"padding: 10px;\"><\/p>\n<hr>\n<p><\/span><br \/>\n<span style=\"font-weight: 400;\"><strong> DISE\u00d1ADO PARA APPLE INTELLIGENCE<\/strong> \u2014 Apple Intelligence es el sistema de inteligencia personal que te <\/span>ayuda a escribir, expresarte y hacer de todo con mucha facilidad. Y las avanzadas protecciones de privacidad perfectamente integradas en el iPad te dan la tranquilidad de saber que nadie m\u00e1s podr\u00e1 acceder a tus datos. Ni siquiera Apple.<br \/>\n<span style=\"padding: 10px;\"><\/p>\n<hr>\n<p><\/span><br \/>\n<span style=\"font-weight: 400;\"><strong> RENDIMIENTO Y ALMACENAMIENTO<\/strong> \u2014 El potente chip M3 est\u00e1 dise\u00f1ado para Apple Intelligence y ofrece <\/span>un rendimiento fuera de serie para enfrentar complejas cargas de trabajo creativas y productivas, disfrutar juegos con gr\u00e1ficos avanzados y hacer varias tareas al mismo tiempo. Y con una bater\u00eda que te sigue el ritmo todo el d\u00eda, puedes seguir trabajando y divirti\u00e9ndote dondequiera que est\u00e9s. Elige hasta 1 TB de almacenamiento seg\u00fan el espacio que necesites para tus apps, canciones, pel\u00edculas y m\u00e1s.<br \/>\n<span style=\"padding: 10px;\"><\/p>\n<hr>\n<p><\/span><br \/>\n<span style=\"font-weight: 400;\"><strong> IPADOS + APPS<\/strong> \u2014 iPadOS hace que el iPad sea m\u00e1s productivo, intuitivo y vers\u00e1til. Te permite ejecutar <\/span>varias apps al mismo tiempo, usar el Apple Pencil para escribir en cualquier campo de texto con la funcionalidad Escribir a Mano, y editar y compartir fotos. Puedes conectar un monitor externo y trabajar en varias tareas a la vez con el Organizador Visual, superponiendo apps y cambiando el tama\u00f1o de las ventanas. Las apps esenciales de Apple, como Safari, Mensajes y Keynote, ya vienen instaladas en el iPad Air, y hay m\u00e1s de un mill\u00f3n de apps dise\u00f1adas especialmente para el iPad disponibles en el App Store.<br \/>\n<span style=\"padding: 10px;\"><\/p>\n<hr>\n<p><\/span><br \/>\n<span style=\"font-weight: 400;\"><strong> APPLE PENCIL Y MAGIC KEYBOARD<\/strong> \u2014 El Apple Pencil Pro convierte el iPad Air en un gran lienzo para <\/span>darle rienda suelta a tu creatividad y en el mejor dispositivo del mundo para tomar notas. El iPad Air tambi\u00e9n es compatible con el Apple Pencil (USB-C). Con el Magic Keyboard para el iPad podr\u00e1s escribir con toda comodidad. Tiene un trackpad integrado, una fila de 14 teclas de funci\u00f3n y sirve como una funda para proteger tu dispositivo dondequiera que vayas. Los accesorios se venden por separado.<br \/>\n<span style=\"padding: 10px;\"><\/p>\n<hr>\n<p><\/span><br \/>\n<span style=\"font-weight: 400;\"><strong>C\u00c1MARAS AVANZADAS<\/strong> \u2014 El iPad Air viene con una c\u00e1mara frontal 12MP Center Stage que es perfecta para <\/span>hacer videollamadas y sacarte selfies. La c\u00e1mara trasera gran angular de 12 MP es ideal para escanear documentos, tomar fotos y grabar videos 4K.<br \/>\n<span style=\"padding: 10px;\"><\/p>\n<hr>\n<p><\/span><br \/>\n<span style=\"font-weight: 400;\"><strong>CONECTIVIDAD<\/strong> \u2014 Con la r\u00e1pida conexi\u00f3n inal\u00e1mbrica Wi-Fi 6E puedes transferir fotos, documentos y <\/span>archivos de video pesados a toda velocidad. Si no hay Wi-Fi cerca, la conexi\u00f3n celular 5G te da la opci\u00f3n de seguir en contacto desde cualquier lugar y agregar un plan de datos flexible cuando lo necesites. Y con el puerto USB-C, puedes conectar monitores externos y mucho m\u00e1s.<br \/>\n<span style=\"padding: 10px;\"><\/p>\n<hr>\n<p><\/span><br \/>\n<span style=\"font-weight: 400;\"><strong>DESBLOQUEA Y PAGA CON TOUCH ID<\/strong> \u2014 Touch ID viene integrado en el bot\u00f3n superior para que puedas <\/span>desbloquear tu iPad Air con tu huella digital, iniciar sesi\u00f3n en apps y hacer pagos de forma segura con Apple Pay.<\/p>\n","protected":false},"excerpt":{"rendered":"<p><span style=\"font-weight: 400;\">El iPad Air de 13 pulgadas fue dise\u00f1ado para Apple Intelligence y cuenta con los superpoderes del chip M3 de Apple. Viene con una espectacular pantalla Liquid Retina, c\u00e1mara frontal 12MP Center Stage para videollamadasde otro nivel y conexiones Wi-Fi 6E3 y 5G4 ultrarr\u00e1pidas. Adem\u00e1s, es compatible con apps esenciales comoMicrosoft 365 y Google Workspace. Y combinado con el Apple Pencil Pro y el Magic Keyboard, tienes todo lo quenecesitas para trabajar en cualquier lugar.<\/span><\/p>\n","protected":false},"featured_media":269,"comment_status":"open","ping_status":"closed","template":"","meta":{"_acf_changed":false},"product_brand":[],"product_cat":[18,20],"product_tag":[],"class_list":{"0":"post-111","1":"product","2":"type-product","3":"status-publish","4":"has-post-thumbnail","6":"product_cat-apple","7":"product_cat-ipad","9":"first","10":"instock","11":"shipping-taxable","12":"product-type-simple"},"acf":[],"_links":{"self":[{"href":"https:\/\/maakal.com\/apple\/wp-json\/wp\/v2\/product\/111","targetHints":{"allow":["GET"]}}],"collection":[{"href":"https:\/\/maakal.com\/apple\/wp-json\/wp\/v2\/product"}],"about":[{"href":"https:\/\/maakal.com\/apple\/wp-json\/wp\/v2\/types\/product"}],"replies":[{"embeddable":true,"href":"https:\/\/maakal.com\/apple\/wp-json\/wp\/v2\/comments?post=111"}],"wp:featuredmedia":[{"embeddable":true,"href":"https:\/\/maakal.com\/apple\/wp-json\/wp\/v2\/media\/269"}],"wp:attachment":[{"href":"https:\/\/maakal.com\/apple\/wp-json\/wp\/v2\/media?parent=111"}],"wp:term":[{"taxonomy":"product_brand","embeddable":true,"href":"https:\/\/maakal.com\/apple\/wp-json\/wp\/v2\/product_brand?post=111"},{"taxonomy":"product_cat","embeddable":true,"href":"https:\/\/maakal.com\/apple\/wp-json\/wp\/v2\/product_cat?post=111"},{"taxonomy":"product_tag","embeddable":true,"href":"https:\/\/maakal.com\/apple\/wp-json\/wp\/v2\/product_tag?post=111"}],"curies":[{"name":"wp","href":"https:\/\/api.w.org\/{rel}","templated":true}]}}