{"id":110,"date":"2025-07-30T13:35:23","date_gmt":"2025-07-30T13:35:23","guid":{"rendered":"https:\/\/maakal.com\/apple-colombia\/?post_type=product&#038;p=110"},"modified":"2025-07-30T19:40:32","modified_gmt":"2025-07-30T19:40:32","slug":"iphone-16-pro","status":"publish","type":"product","link":"https:\/\/maakal.com\/apple\/producto\/iphone-16-pro\/","title":{"rendered":"iPhone 16 Pro"},"content":{"rendered":"<p><span style=\"font-weight: 400;\"><strong> IMPONENTE DISE\u00d1O DE TITANIO<\/strong> \u2014 El iPhone 16 Pro tiene un dise\u00f1o de titanio resistente y liviano con una <\/span>pantalla Super Retina XDR m\u00e1s grande, de 6,3 pulgadas. Es incre\u00edblemente duradero gracias al Ceramic Shield de \u00faltima generaci\u00f3n, que es dos veces m\u00e1s resistente que cualquier vidrio de smartphone.<br \/>\n<span style=\"padding: 10px;\"><\/p>\n<hr>\n<p><\/span><br \/>\n<span style=\"font-weight: 400;\"><strong> DISE\u00d1ADO CON APPLE INTELLIGENCE EN MENTE<\/strong> \u2014 Apple Intelligence es un sistema de inteligencia <\/span>personal que te ayuda a escribir, expresarte y hacer de todo con mucha facilidad. Y las avanzadas protecciones de privacidad te dan la tranquilidad de saber que nadie m\u00e1s podr\u00e1 acceder a tus datos. Ni siquiera Apple.<br \/>\n<span style=\"padding: 10px;\"><\/p>\n<hr>\n<p><\/span><br \/>\n<span style=\"font-weight: 400;\"><strong> CONTROL DE LA C\u00c1MARA<\/strong> \u2014 Con esta nueva funcionalidad podr\u00e1s acceder f\u00e1cilmente a las herramientas de <\/span>la c\u00e1mara, como el zoom o la profundidad de campo, para que no se te escape ni un momento.<br \/>\n<span style=\"padding: 10px;\"><\/p>\n<hr>\n<p><\/span><br \/>\n<span style=\"font-weight: 400;\"><strong>CAPTURAS SO\u00d1ADAS<\/strong> \u2014 La c\u00e1mara Fusion de 48 MP te permite grabar en 4K Dolby Vision a 120 cps para <\/span>llevar tus videos a otro nivel. Y con la c\u00e1mara ultra gran angular de 48 MP, tus fotos macro y panor\u00e1micas van a tener un nivel de detalle sorprendente.<br \/>\n<span style=\"padding: 10px;\"><\/p>\n<hr>\n<p><\/span><br \/>\n<span style=\"font-weight: 400;\"><strong> ESTILOS FOTOGR\u00c1FICOS<\/strong> \u2014 La nueva generaci\u00f3n de Estilos Fotogr\u00e1ficos te da m\u00e1s libertad creativa para <\/span>que cada foto tenga tu sello personal. Y gracias a los avances en nuestro procesamiento de im\u00e1genes, ahora puedes revertir cualquier estilo en cualquier momento.\u00a0 LA POTENCIA DEL CHIP A18 PRO \u2014 Este chip es el genio detr\u00e1s de Apple Intelligence, gracias a su Neural Engine m\u00e1s r\u00e1pido, su CPU y su GPU mejoradas, y un gran salto en el ancho de banda de memoria. Tambi\u00e9n te permite disfrutar funcionalidades avanzadas de foto y video, y juegos AAA.<br \/>\n<span style=\"padding: 10px;\"><\/p>\n<hr>\n<p><\/span><br \/>\n<span style=\"font-weight: 400;\"><strong>UN SALTO ENORME EN BATER\u00cdA<\/strong> \u2014 El iPhone 16 Pro es tan potente y eficiente que puede ofrecerte hasta <\/span>27 horas de reproducci\u00f3n de video.3 Acopla un cargador MagSafe para obtener una carga inal\u00e1mbrica m\u00e1s r\u00e1pida o carga a trav\u00e9s del puerto USB-C.<br \/>\n<span style=\"padding: 10px;\"><\/p>\n<hr>\n<p><\/span><br \/>\n<span style=\"font-weight: 400;\"><strong>PERSONALIZA TU IPHONE<\/strong> \u2014 Con iOS 18 puedes cambiar el color de los \u00edconos de la pantalla de inicio a tu <\/span>gusto. Encuentra tus tomas favoritas en un flash en la redise\u00f1ada app Fotos. Y agrega divertidos efectos animados a cualquier palabra, frase o emoji en iMessage.<br \/>\n<span style=\"padding: 10px;\"><\/p>\n<hr>\n<p><\/span><br \/>\n<span style=\"font-weight: 400;\"><strong>FUNCIONALIDADES ESENCIALES DE SEGURIDAD<\/strong> \u2014 Con Detecci\u00f3n de Choques, el iPhone puede <\/span>detectar si sufres un accidente automovil\u00edstico grave y pedir ayuda cuando t\u00fa no puedes.<\/p>\n","protected":false},"excerpt":{"rendered":"<p><span style=\"font-weight: 400;\">iPhone 16 Pro. Dise\u00f1ado para Apple Intelligence. Imponente dise\u00f1o de titanio. Control de la C\u00e1mara. 4K Dolby <\/span><span style=\"font-weight: 400;\">Vision a 120 cps. Y el chip A18 Pro.<\/span><\/p>\n","protected":false},"featured_media":272,"comment_status":"open","ping_status":"closed","template":"","meta":{"_acf_changed":false},"product_brand":[],"product_cat":[18,21],"product_tag":[],"class_list":{"0":"post-110","1":"product","2":"type-product","3":"status-publish","4":"has-post-thumbnail","6":"product_cat-apple","7":"product_cat-iphone","9":"first","10":"instock","11":"shipping-taxable","12":"product-type-simple"},"acf":[],"_links":{"self":[{"href":"https:\/\/maakal.com\/apple\/wp-json\/wp\/v2\/product\/110","targetHints":{"allow":["GET"]}}],"collection":[{"href":"https:\/\/maakal.com\/apple\/wp-json\/wp\/v2\/product"}],"about":[{"href":"https:\/\/maakal.com\/apple\/wp-json\/wp\/v2\/types\/product"}],"replies":[{"embeddable":true,"href":"https:\/\/maakal.com\/apple\/wp-json\/wp\/v2\/comments?post=110"}],"wp:featuredmedia":[{"embeddable":true,"href":"https:\/\/maakal.com\/apple\/wp-json\/wp\/v2\/media\/272"}],"wp:attachment":[{"href":"https:\/\/maakal.com\/apple\/wp-json\/wp\/v2\/media?parent=110"}],"wp:term":[{"taxonomy":"product_brand","embeddable":true,"href":"https:\/\/maakal.com\/apple\/wp-json\/wp\/v2\/product_brand?post=110"},{"taxonomy":"product_cat","embeddable":true,"href":"https:\/\/maakal.com\/apple\/wp-json\/wp\/v2\/product_cat?post=110"},{"taxonomy":"product_tag","embeddable":true,"href":"https:\/\/maakal.com\/apple\/wp-json\/wp\/v2\/product_tag?post=110"}],"curies":[{"name":"wp","href":"https:\/\/api.w.org\/{rel}","templated":true}]}}