{"id":109,"date":"2025-07-30T13:35:04","date_gmt":"2025-07-30T13:35:04","guid":{"rendered":"https:\/\/maakal.com\/apple-colombia\/?post_type=product&#038;p=109"},"modified":"2025-08-04T13:54:10","modified_gmt":"2025-08-04T13:54:10","slug":"iphone-16","status":"publish","type":"product","link":"https:\/\/maakal.com\/apple\/producto\/iphone-16\/","title":{"rendered":"iPhone 16"},"content":{"rendered":"<p><span style=\"font-weight: 400;\"><strong> DISE\u00d1ADO PARA APPLE INTELLIGENCE<\/strong> \u2014 Apple Intelligence es un sistema de inteligencia personal que te <\/span>ayuda a escribir, expresarte y hacer de todo con mucha facilidad. Y las avanzadas protecciones de privacidad te dan la tranquilidad de saber que nadie m\u00e1s podr\u00e1 acceder a tus datos. Ni siquiera Apple.<\/p>\n<hr \/>\n<p><span style=\"font-weight: 400;\"><strong>CONTROL DE LA C\u00c1MARA<\/strong> \u2014 Con esta nueva funcionalidad podr\u00e1s acceder f\u00e1cilmente a las herramientas de <\/span>la c\u00e1mara, como el zoom o la profundidad de campo, para que no se te escape ni un momento.<\/p>\n<hr \/>\n<p><span style=\"font-weight: 400;\"><strong>CAPTURAS M\u00c1S AMPLIAS Y DETALLADAS<\/strong> \u2014 La mejorada c\u00e1mara ultra gran angular con autoenfoque te <\/span>permite capturar videos y fotos macro con un asombroso nivel de detalle y nitidez. Usa la c\u00e1mara Fusion de 48 MP para tomar fotos incre\u00edbles de alta resoluci\u00f3n y haz zoom con la c\u00e1mara teleobjetivo de calidad \u00f3ptica de 2x.<\/p>\n<hr \/>\n<p><span style=\"font-weight: 400;\"><strong>ESTILOS FOTOGR\u00c1FICOS<\/strong> \u2014 La nueva generaci\u00f3n de Estilos Fotogr\u00e1ficos te da m\u00e1s libertad creativa para <\/span>que cada foto tenga tu sello personal. Y ahora puedes revertir cualquier estilo que hayas elegido, en cualquier momento. \u00bfCambiaste de idea? No pasa nada.<\/p>\n<hr \/>\n<p><span style=\"font-weight: 400;\"><strong>CHIP A18 SUPERBRILLANTE<\/strong> \u2014 El chip A18 es dos generaciones m\u00e1s avanzado que el chip A16 Bionic del <\/span>iPhone 15. Es el motor detr\u00e1s de Apple Intelligence y te permite disfrutar funcionalidades de foto y video avanzadas y juegos del m\u00e1s alto nivel con gran eficiencia.<\/p>\n<hr \/>\n<p><span style=\"font-weight: 400;\"><strong>MAYOR DURACI\u00d3N DE LA BATER\u00cdA<\/strong> \u2014 El iPhone 16 se complementa a la perfecci\u00f3n con el chip A18, y <\/span>juntos logran un gran salto en la duraci\u00f3n de la bater\u00eda: hasta 22 horas de reproducci\u00f3n de video. Acopla un cargador MagSafe para obtener una carga inal\u00e1mbrica m\u00e1s r\u00e1pida o carga a trav\u00e9s del puerto USB-C.<\/p>\n<hr \/>\n<p><span style=\"font-weight: 400;\"><strong> DISE\u00d1ADO PARA DURAR<\/strong> \u2014 El iPhone 16 tiene un resistente dise\u00f1o de aluminio de grado aeroespacial con <\/span>una pantalla Super Retina XDR de 6,1 pulgadas. Es incre\u00edblemente duradero gracias al Ceramic Shield de \u00faltima generaci\u00f3n, que es dos veces m\u00e1s resistente que cualquier vidrio de smartphone.<\/p>\n<hr \/>\n<p><span style=\"font-weight: 400;\"><strong>PERSONALIZA TU IPHONE<\/strong> \u2014 Con iOS 18 puedes cambiar el color de los \u00edconos de la pantalla de inicio a tu <\/span>gusto. Encuentra tus tomas favoritas en un flash en la redise\u00f1ada app Fotos. Y agrega divertidos efectos animados a cualquier palabra, frase o emoji en iMessage.<\/p>\n<hr \/>\n<p><span style=\"font-weight: 400;\"><strong>FUNCIONALIDADES ESENCIALES DE SEGURIDAD<\/strong> \u2014 Con Detecci\u00f3n de Choques, el iPhone puede <\/span>detectar si sufres un accidente automovil\u00edstico grave y pedir ayuda cuando t\u00fa no puedes.<\/p>\n","protected":false},"excerpt":{"rendered":"<p><span style=\"font-weight: 400;\">iPhone 16. Dise\u00f1ado para Apple Intelligence. Con Control de la C\u00e1mara. C\u00e1mara Fusion de 48 MP. Cinco <\/span><span style=\"font-weight: 400;\">colores espectaculares. Y el chip A18<\/span><\/p>\n","protected":false},"featured_media":607,"comment_status":"open","ping_status":"closed","template":"","meta":{"_acf_changed":false},"product_brand":[],"product_cat":[18,21],"product_tag":[],"class_list":{"0":"post-109","1":"product","2":"type-product","3":"status-publish","4":"has-post-thumbnail","6":"product_cat-apple","7":"product_cat-iphone","9":"first","10":"instock","11":"shipping-taxable","12":"product-type-simple"},"acf":[],"_links":{"self":[{"href":"https:\/\/maakal.com\/apple\/wp-json\/wp\/v2\/product\/109","targetHints":{"allow":["GET"]}}],"collection":[{"href":"https:\/\/maakal.com\/apple\/wp-json\/wp\/v2\/product"}],"about":[{"href":"https:\/\/maakal.com\/apple\/wp-json\/wp\/v2\/types\/product"}],"replies":[{"embeddable":true,"href":"https:\/\/maakal.com\/apple\/wp-json\/wp\/v2\/comments?post=109"}],"wp:featuredmedia":[{"embeddable":true,"href":"https:\/\/maakal.com\/apple\/wp-json\/wp\/v2\/media\/607"}],"wp:attachment":[{"href":"https:\/\/maakal.com\/apple\/wp-json\/wp\/v2\/media?parent=109"}],"wp:term":[{"taxonomy":"product_brand","embeddable":true,"href":"https:\/\/maakal.com\/apple\/wp-json\/wp\/v2\/product_brand?post=109"},{"taxonomy":"product_cat","embeddable":true,"href":"https:\/\/maakal.com\/apple\/wp-json\/wp\/v2\/product_cat?post=109"},{"taxonomy":"product_tag","embeddable":true,"href":"https:\/\/maakal.com\/apple\/wp-json\/wp\/v2\/product_tag?post=109"}],"curies":[{"name":"wp","href":"https:\/\/api.w.org\/{rel}","templated":true}]}}