{"id":832,"date":"2025-08-05T21:59:03","date_gmt":"2025-08-05T21:59:03","guid":{"rendered":"https:\/\/maakal.com\/apple-colombia\/?page_id=832"},"modified":"2025-09-30T15:40:31","modified_gmt":"2025-09-30T15:40:31","slug":"iphone","status":"publish","type":"page","link":"https:\/\/maakal.com\/apple\/iphone\/","title":{"rendered":"iPhone"},"content":{"rendered":"\t\t<div data-elementor-type=\"wp-page\" data-elementor-id=\"832\" class=\"elementor elementor-832\" data-elementor-post-type=\"page\">\n\t\t\t\t<div class=\"elementor-element elementor-element-854c526 e-flex e-con-boxed e-con e-parent\" data-id=\"854c526\" data-element_type=\"container\">\n\t\t\t\t\t<div class=\"e-con-inner\">\n\t\t<div class=\"elementor-element elementor-element-2cd23a5 e-con-full e-flex e-con e-child\" data-id=\"2cd23a5\" data-element_type=\"container\">\n\t\t\t\t<div class=\"elementor-element elementor-element-c425d2d elementor-widget elementor-widget-heading\" data-id=\"c425d2d\" data-element_type=\"widget\" data-widget_type=\"heading.default\">\n\t\t\t\t\t<h1 class=\"elementor-heading-title elementor-size-default\">iPhone<\/h1>\t\t\t\t<\/div>\n\t\t\t\t<\/div>\n\t\t<div class=\"elementor-element elementor-element-ddb9506 e-con-full e-flex e-con e-child\" data-id=\"ddb9506\" data-element_type=\"container\">\n\t\t\t\t<\/div>\n\t\t<div class=\"elementor-element elementor-element-672e54f e-con-full e-flex e-con e-child\" data-id=\"672e54f\" data-element_type=\"container\">\n\t\t\t\t<\/div>\n\t\t<div class=\"elementor-element elementor-element-ac42342 e-con-full e-flex e-con e-child\" data-id=\"ac42342\" data-element_type=\"container\">\n\t\t\t\t<div class=\"elementor-element elementor-element-3a3927e elementor-widget-tablet__width-initial elementor-widget elementor-widget-text-editor\" data-id=\"3a3927e\" data-element_type=\"widget\" data-widget_type=\"text-editor.default\">\n\t\t\t\t\t\t\t\t\t<p><strong>Elige el iPhone ideal para tus equipos de trabajo.<\/strong><\/p>\t\t\t\t\t\t\t\t<\/div>\n\t\t\t\t<\/div>\n\t\t\t\t\t<\/div>\n\t\t\t\t<\/div>\n\t\t<div class=\"elementor-element elementor-element-9339103 e-con-full e-flex e-con e-parent\" data-id=\"9339103\" data-element_type=\"container\">\n\t\t\t\t<div class=\"elementor-element elementor-element-568a02e e-transform elementor-widget elementor-widget-image\" data-id=\"568a02e\" data-element_type=\"widget\" data-settings=\"{&quot;motion_fx_motion_fx_scrolling&quot;:&quot;yes&quot;,&quot;motion_fx_scale_effect&quot;:&quot;yes&quot;,&quot;motion_fx_scale_direction&quot;:&quot;in-out&quot;,&quot;motion_fx_scale_speed&quot;:{&quot;unit&quot;:&quot;px&quot;,&quot;size&quot;:1,&quot;sizes&quot;:[]},&quot;motion_fx_scale_range&quot;:{&quot;unit&quot;:&quot;%&quot;,&quot;size&quot;:&quot;&quot;,&quot;sizes&quot;:{&quot;start&quot;:20,&quot;end&quot;:64}},&quot;motion_fx_devices&quot;:[&quot;desktop&quot;,&quot;tablet&quot;,&quot;mobile&quot;],&quot;_transform_scaleX_effect&quot;:{&quot;unit&quot;:&quot;px&quot;,&quot;size&quot;:&quot;&quot;,&quot;sizes&quot;:[]},&quot;_transform_scaleX_effect_tablet&quot;:{&quot;unit&quot;:&quot;px&quot;,&quot;size&quot;:&quot;&quot;,&quot;sizes&quot;:[]},&quot;_transform_scaleX_effect_mobile&quot;:{&quot;unit&quot;:&quot;px&quot;,&quot;size&quot;:&quot;&quot;,&quot;sizes&quot;:[]},&quot;_transform_scaleY_effect&quot;:{&quot;unit&quot;:&quot;px&quot;,&quot;size&quot;:&quot;&quot;,&quot;sizes&quot;:[]},&quot;_transform_scaleY_effect_tablet&quot;:{&quot;unit&quot;:&quot;px&quot;,&quot;size&quot;:&quot;&quot;,&quot;sizes&quot;:[]},&quot;_transform_scaleY_effect_mobile&quot;:{&quot;unit&quot;:&quot;px&quot;,&quot;size&quot;:&quot;&quot;,&quot;sizes&quot;:[]}}\" data-widget_type=\"image.default\">\n\t\t\t\t\t\t\t\t\t\t\t\t\t\t\t<img fetchpriority=\"high\" decoding=\"async\" width=\"1552\" height=\"1080\" src=\"https:\/\/maakal.com\/apple\/wp-content\/uploads\/2025\/08\/Multiproducto-Mac.jpg\" class=\"attachment-full size-full wp-image-854\" alt=\"\" srcset=\"https:\/\/maakal.com\/apple\/wp-content\/uploads\/2025\/08\/Multiproducto-Mac.jpg 1552w, https:\/\/maakal.com\/apple\/wp-content\/uploads\/2025\/08\/Multiproducto-Mac-300x209.jpg 300w, https:\/\/maakal.com\/apple\/wp-content\/uploads\/2025\/08\/Multiproducto-Mac-1024x713.jpg 1024w, https:\/\/maakal.com\/apple\/wp-content\/uploads\/2025\/08\/Multiproducto-Mac-768x534.jpg 768w, https:\/\/maakal.com\/apple\/wp-content\/uploads\/2025\/08\/Multiproducto-Mac-1536x1069.jpg 1536w, https:\/\/maakal.com\/apple\/wp-content\/uploads\/2025\/08\/Multiproducto-Mac-600x418.jpg 600w\" sizes=\"(max-width: 1552px) 100vw, 1552px\" \/>\t\t\t\t\t\t\t\t\t\t\t\t\t\t\t<\/div>\n\t\t\t\t<\/div>\n\t\t<div class=\"elementor-element elementor-element-a43354f e-flex e-con-boxed e-con e-parent\" data-id=\"a43354f\" data-element_type=\"container\">\n\t\t\t\t\t<div class=\"e-con-inner\">\n\t\t\t\t<div class=\"elementor-element elementor-element-9cf6516 elementor-widget__width-initial elementor-widget-tablet__width-initial elementor-invisible elementor-widget elementor-widget-heading\" data-id=\"9cf6516\" data-element_type=\"widget\" data-settings=\"{&quot;_animation&quot;:&quot;fadeInUp&quot;}\" data-widget_type=\"heading.default\">\n\t\t\t\t\t<h2 class=\"elementor-heading-title elementor-size-default\">Sistemas de c\u00e1maras avanzados y pantallas espectaculares.<\/h2>\t\t\t\t<\/div>\n\t\t\t\t<div class=\"elementor-element elementor-element-87484d7 elementor-widget__width-initial animated-slow elementor-invisible elementor-widget elementor-widget-text-editor\" data-id=\"87484d7\" data-element_type=\"widget\" data-settings=\"{&quot;_animation&quot;:&quot;fadeInUp&quot;}\" data-widget_type=\"text-editor.default\">\n\t\t\t\t\t\t\t\t\t<p><span style=\"font-weight: 400;\">Dise\u00f1os resistentes. Chips r\u00e1pidos, inteligentes y eficientes. Bater\u00edas de larga duraci\u00f3n. Hay muchas razones para que te enamores de tu nuevo iPhone en el trabajo.<\/span><\/p>\t\t\t\t\t\t\t\t<\/div>\n\t\t\t\t\t<\/div>\n\t\t\t\t<\/div>\n\t\t<div class=\"elementor-element elementor-element-897cf9e e-flex e-con-boxed e-con e-parent\" data-id=\"897cf9e\" data-element_type=\"container\">\n\t\t\t\t\t<div class=\"e-con-inner\">\n\t\t<div class=\"elementor-element elementor-element-58f2785 e-con-full e-flex e-con e-child\" data-id=\"58f2785\" data-element_type=\"container\">\n\t\t\t\t<div class=\"elementor-element elementor-element-34bf8fc elementor-widget__width-initial animated-slow elementor-invisible elementor-widget elementor-widget-text-editor\" data-id=\"34bf8fc\" data-element_type=\"widget\" data-settings=\"{&quot;_animation&quot;:&quot;fadeInUp&quot;}\" data-widget_type=\"text-editor.default\">\n\t\t\t\t\t\t\t\t\t<p><strong>Explora el poder de trabajar diferente<\/strong><\/p>\t\t\t\t\t\t\t\t<\/div>\n\t\t\t\t<\/div>\n\t\t<div class=\"elementor-element elementor-element-3f9720a e-con-full e-flex e-con e-child\" data-id=\"3f9720a\" data-element_type=\"container\">\n\t\t<div class=\"elementor-element elementor-element-6badf4c e-con-full e-flex e-con e-child\" data-id=\"6badf4c\" data-element_type=\"container\">\n\t\t\t\t<div class=\"elementor-element elementor-element-997a279 elementor-widget elementor-widget-image\" data-id=\"997a279\" data-element_type=\"widget\" data-widget_type=\"image.default\">\n\t\t\t\t\t\t\t\t\t\t\t\t\t\t\t\t<a href=\"https:\/\/maakal.com\/apple\/producto\/iphone-16-pro\/\">\n\t\t\t\t\t\t\t<img decoding=\"async\" width=\"1048\" height=\"1200\" src=\"https:\/\/maakal.com\/apple\/wp-content\/uploads\/2025\/07\/iPhone_16_Pro_Black_Titanium_Pure_Back_iPhone_16_Pro_Black_Titanium_Pure_Front_2-up_Screen__USEN.jpg\" class=\"attachment-full size-full wp-image-272\" alt=\"\" srcset=\"https:\/\/maakal.com\/apple\/wp-content\/uploads\/2025\/07\/iPhone_16_Pro_Black_Titanium_Pure_Back_iPhone_16_Pro_Black_Titanium_Pure_Front_2-up_Screen__USEN.jpg 1048w, https:\/\/maakal.com\/apple\/wp-content\/uploads\/2025\/07\/iPhone_16_Pro_Black_Titanium_Pure_Back_iPhone_16_Pro_Black_Titanium_Pure_Front_2-up_Screen__USEN-600x687.jpg 600w, https:\/\/maakal.com\/apple\/wp-content\/uploads\/2025\/07\/iPhone_16_Pro_Black_Titanium_Pure_Back_iPhone_16_Pro_Black_Titanium_Pure_Front_2-up_Screen__USEN-262x300.jpg 262w, https:\/\/maakal.com\/apple\/wp-content\/uploads\/2025\/07\/iPhone_16_Pro_Black_Titanium_Pure_Back_iPhone_16_Pro_Black_Titanium_Pure_Front_2-up_Screen__USEN-894x1024.jpg 894w, https:\/\/maakal.com\/apple\/wp-content\/uploads\/2025\/07\/iPhone_16_Pro_Black_Titanium_Pure_Back_iPhone_16_Pro_Black_Titanium_Pure_Front_2-up_Screen__USEN-768x879.jpg 768w\" sizes=\"(max-width: 1048px) 100vw, 1048px\" \/>\t\t\t\t\t\t\t\t<\/a>\n\t\t\t\t\t\t\t\t\t\t\t\t\t\t\t<\/div>\n\t\t\t\t<div class=\"elementor-element elementor-element-55790c5 elementor-align-center elementor-widget elementor-widget-button\" data-id=\"55790c5\" data-element_type=\"widget\" data-widget_type=\"button.default\">\n\t\t\t\t\t\t\t\t\t\t<a class=\"elementor-button elementor-button-link elementor-size-sm\" href=\"https:\/\/maakal.com\/apple\/producto\/iphone-16-pro\/\">\n\t\t\t\t\t\t<span class=\"elementor-button-content-wrapper\">\n\t\t\t\t\t\t\t\t\t<span class=\"elementor-button-text\">iPhone 16 Pro<\/span>\n\t\t\t\t\t<\/span>\n\t\t\t\t\t<\/a>\n\t\t\t\t\t\t\t\t<\/div>\n\t\t\t\t<\/div>\n\t\t<div class=\"elementor-element elementor-element-28cd162 e-con-full e-flex e-con e-child\" data-id=\"28cd162\" data-element_type=\"container\">\n\t\t\t\t<div class=\"elementor-element elementor-element-9338203 elementor-widget elementor-widget-image\" data-id=\"9338203\" data-element_type=\"widget\" data-widget_type=\"image.default\">\n\t\t\t\t\t\t\t\t\t\t\t\t\t\t\t\t<a href=\"https:\/\/maakal.com\/apple\/producto\/iphone-16\/\">\n\t\t\t\t\t\t\t<img decoding=\"async\" width=\"1200\" height=\"1200\" src=\"https:\/\/maakal.com\/apple\/wp-content\/uploads\/2025\/07\/iPhone-16-07.jpg\" class=\"attachment-full size-full wp-image-607\" alt=\"\" srcset=\"https:\/\/maakal.com\/apple\/wp-content\/uploads\/2025\/07\/iPhone-16-07.jpg 1200w, https:\/\/maakal.com\/apple\/wp-content\/uploads\/2025\/07\/iPhone-16-07-300x300.jpg 300w, https:\/\/maakal.com\/apple\/wp-content\/uploads\/2025\/07\/iPhone-16-07-1024x1024.jpg 1024w, https:\/\/maakal.com\/apple\/wp-content\/uploads\/2025\/07\/iPhone-16-07-150x150.jpg 150w, https:\/\/maakal.com\/apple\/wp-content\/uploads\/2025\/07\/iPhone-16-07-768x768.jpg 768w, https:\/\/maakal.com\/apple\/wp-content\/uploads\/2025\/07\/iPhone-16-07-600x600.jpg 600w, https:\/\/maakal.com\/apple\/wp-content\/uploads\/2025\/07\/iPhone-16-07-100x100.jpg 100w\" sizes=\"(max-width: 1200px) 100vw, 1200px\" \/>\t\t\t\t\t\t\t\t<\/a>\n\t\t\t\t\t\t\t\t\t\t\t\t\t\t\t<\/div>\n\t\t\t\t<div class=\"elementor-element elementor-element-e284a29 elementor-align-center elementor-widget elementor-widget-button\" data-id=\"e284a29\" data-element_type=\"widget\" data-widget_type=\"button.default\">\n\t\t\t\t\t\t\t\t\t\t<a class=\"elementor-button elementor-button-link elementor-size-sm\" href=\"https:\/\/maakal.com\/apple\/producto\/iphone-16\/\">\n\t\t\t\t\t\t<span class=\"elementor-button-content-wrapper\">\n\t\t\t\t\t\t\t\t\t<span class=\"elementor-button-text\">iPhone 16<\/span>\n\t\t\t\t\t<\/span>\n\t\t\t\t\t<\/a>\n\t\t\t\t\t\t\t\t<\/div>\n\t\t\t\t<\/div>\n\t\t\t\t<\/div>\n\t\t\t\t\t<\/div>\n\t\t\t\t<\/div>\n\t\t<div class=\"elementor-element elementor-element-73ea7e4 e-flex e-con-boxed e-con e-parent\" data-id=\"73ea7e4\" data-element_type=\"container\" data-settings=\"{&quot;background_background&quot;:&quot;classic&quot;}\">\n\t\t\t\t\t<div class=\"e-con-inner\">\n\t\t\t\t<div class=\"elementor-element elementor-element-72ebd3f elementor-widget elementor-widget-text-editor\" data-id=\"72ebd3f\" data-element_type=\"widget\" data-widget_type=\"text-editor.default\">\n\t\t\t\t\t\t\t\t\t<h6><b>Aviso legal<\/b><\/h6><p><span style=\"font-weight: 400;\">Apple Intelligence est\u00e1 disponible en versi\u00f3n beta con una actualizaci\u00f3n de macOS Sequoia en todos los modelos de Mac con chip M1 y posteriores, con Siri y el idioma del dispositivo configurados en ingl\u00e9s de Australia, Canad\u00e1, Irlanda, Nueva Zelanda, Sud\u00e1frica, Reino Unido o Estados Unidos. Algunas funcionalidades e idiomas, como espa\u00f1ol, portugu\u00e9s (Brasil), chino (simplificado), ingl\u00e9s (India, Singapur), franc\u00e9s, alem\u00e1n, italiano, japon\u00e9s y coreano, estar\u00e1n disponibles a principios de abril. Se ir\u00e1n agregando otros idiomas, como vietnamita, en el transcurso del a\u00f1o. Algunas funcionalidades podr\u00edan no estar disponibles en todas las regiones o idiomas.<\/span><\/p>\t\t\t\t\t\t\t\t<\/div>\n\t\t\t\t\t<\/div>\n\t\t\t\t<\/div>\n\t\t\t\t<\/div>\n\t\t","protected":false},"excerpt":{"rendered":"<p>iPhone Elige el iPhone ideal para tus equipos de trabajo. Sistemas de c\u00e1maras avanzados y pantallas espectaculares. Dise\u00f1os resistentes. Chips r\u00e1pidos, inteligentes y eficientes. Bater\u00edas de larga duraci\u00f3n. Hay muchas razones para que te enamores de tu nuevo iPhone en el trabajo. Explora el poder de trabajar diferente iPhone 16 Pro iPhone 16 Aviso legal [&hellip;]<\/p>\n","protected":false},"author":1,"featured_media":604,"parent":0,"menu_order":0,"comment_status":"closed","ping_status":"closed","template":"","meta":{"_acf_changed":false,"footnotes":""},"class_list":["post-832","page","type-page","status-publish","has-post-thumbnail","hentry"],"acf":[],"_links":{"self":[{"href":"https:\/\/maakal.com\/apple\/wp-json\/wp\/v2\/pages\/832","targetHints":{"allow":["GET"]}}],"collection":[{"href":"https:\/\/maakal.com\/apple\/wp-json\/wp\/v2\/pages"}],"about":[{"href":"https:\/\/maakal.com\/apple\/wp-json\/wp\/v2\/types\/page"}],"author":[{"embeddable":true,"href":"https:\/\/maakal.com\/apple\/wp-json\/wp\/v2\/users\/1"}],"replies":[{"embeddable":true,"href":"https:\/\/maakal.com\/apple\/wp-json\/wp\/v2\/comments?post=832"}],"version-history":[{"count":28,"href":"https:\/\/maakal.com\/apple\/wp-json\/wp\/v2\/pages\/832\/revisions"}],"predecessor-version":[{"id":1077,"href":"https:\/\/maakal.com\/apple\/wp-json\/wp\/v2\/pages\/832\/revisions\/1077"}],"wp:featuredmedia":[{"embeddable":true,"href":"https:\/\/maakal.com\/apple\/wp-json\/wp\/v2\/media\/604"}],"wp:attachment":[{"href":"https:\/\/maakal.com\/apple\/wp-json\/wp\/v2\/media?parent=832"}],"curies":[{"name":"wp","href":"https:\/\/api.w.org\/{rel}","templated":true}]}}