{"id":794,"date":"2025-08-05T21:44:51","date_gmt":"2025-08-05T21:44:51","guid":{"rendered":"https:\/\/maakal.com\/apple-colombia\/?page_id=794"},"modified":"2025-09-30T15:41:27","modified_gmt":"2025-09-30T15:41:27","slug":"ipad","status":"publish","type":"page","link":"https:\/\/maakal.com\/apple\/ipad\/","title":{"rendered":"iPad"},"content":{"rendered":"\t\t<div data-elementor-type=\"wp-page\" data-elementor-id=\"794\" class=\"elementor elementor-794\" data-elementor-post-type=\"page\">\n\t\t\t\t<div class=\"elementor-element elementor-element-c3531fa e-flex e-con-boxed e-con e-parent\" data-id=\"c3531fa\" data-element_type=\"container\">\n\t\t\t\t\t<div class=\"e-con-inner\">\n\t\t<div class=\"elementor-element elementor-element-ea320dc e-con-full e-flex e-con e-child\" data-id=\"ea320dc\" data-element_type=\"container\">\n\t\t\t\t<div class=\"elementor-element elementor-element-36391e3 elementor-widget elementor-widget-heading\" data-id=\"36391e3\" data-element_type=\"widget\" data-widget_type=\"heading.default\">\n\t\t\t\t\t<h1 class=\"elementor-heading-title elementor-size-default\">iPad<\/h1>\t\t\t\t<\/div>\n\t\t\t\t<\/div>\n\t\t<div class=\"elementor-element elementor-element-d931f20 e-con-full e-flex e-con e-child\" data-id=\"d931f20\" data-element_type=\"container\">\n\t\t\t\t<\/div>\n\t\t<div class=\"elementor-element elementor-element-43e2935 e-con-full e-flex e-con e-child\" data-id=\"43e2935\" data-element_type=\"container\">\n\t\t\t\t<\/div>\n\t\t<div class=\"elementor-element elementor-element-735a73d e-con-full e-flex e-con e-child\" data-id=\"735a73d\" data-element_type=\"container\">\n\t\t\t\t<div class=\"elementor-element elementor-element-b653d30 elementor-widget elementor-widget-text-editor\" data-id=\"b653d30\" data-element_type=\"widget\" data-widget_type=\"text-editor.default\">\n\t\t\t\t\t\t\t\t\t<p><strong>Dise\u00f1ado para tus equipos. Y para todo lo que hacen.<\/strong><\/p>\t\t\t\t\t\t\t\t<\/div>\n\t\t\t\t<\/div>\n\t\t\t\t\t<\/div>\n\t\t\t\t<\/div>\n\t\t<div class=\"elementor-element elementor-element-0f27013 e-con-full e-flex e-con e-parent\" data-id=\"0f27013\" data-element_type=\"container\">\n\t\t\t\t<div class=\"elementor-element elementor-element-9ed4c56 e-transform elementor-widget elementor-widget-image\" data-id=\"9ed4c56\" data-element_type=\"widget\" data-settings=\"{&quot;motion_fx_motion_fx_scrolling&quot;:&quot;yes&quot;,&quot;motion_fx_scale_effect&quot;:&quot;yes&quot;,&quot;motion_fx_scale_direction&quot;:&quot;in-out&quot;,&quot;motion_fx_scale_speed&quot;:{&quot;unit&quot;:&quot;px&quot;,&quot;size&quot;:2,&quot;sizes&quot;:[]},&quot;motion_fx_scale_range&quot;:{&quot;unit&quot;:&quot;%&quot;,&quot;size&quot;:&quot;&quot;,&quot;sizes&quot;:{&quot;start&quot;:20,&quot;end&quot;:64}},&quot;motion_fx_devices&quot;:[&quot;desktop&quot;,&quot;tablet&quot;,&quot;mobile&quot;],&quot;_transform_scaleX_effect&quot;:{&quot;unit&quot;:&quot;px&quot;,&quot;size&quot;:&quot;&quot;,&quot;sizes&quot;:[]},&quot;_transform_scaleX_effect_tablet&quot;:{&quot;unit&quot;:&quot;px&quot;,&quot;size&quot;:&quot;&quot;,&quot;sizes&quot;:[]},&quot;_transform_scaleX_effect_mobile&quot;:{&quot;unit&quot;:&quot;px&quot;,&quot;size&quot;:&quot;&quot;,&quot;sizes&quot;:[]},&quot;_transform_scaleY_effect&quot;:{&quot;unit&quot;:&quot;px&quot;,&quot;size&quot;:&quot;&quot;,&quot;sizes&quot;:[]},&quot;_transform_scaleY_effect_tablet&quot;:{&quot;unit&quot;:&quot;px&quot;,&quot;size&quot;:&quot;&quot;,&quot;sizes&quot;:[]},&quot;_transform_scaleY_effect_mobile&quot;:{&quot;unit&quot;:&quot;px&quot;,&quot;size&quot;:&quot;&quot;,&quot;sizes&quot;:[]}}\" data-widget_type=\"image.default\">\n\t\t\t\t\t\t\t\t\t\t\t\t\t\t\t<img fetchpriority=\"high\" decoding=\"async\" width=\"1552\" height=\"1080\" src=\"https:\/\/maakal.com\/apple\/wp-content\/uploads\/2025\/08\/ipad.jpg\" class=\"attachment-full size-full wp-image-844\" alt=\"\" srcset=\"https:\/\/maakal.com\/apple\/wp-content\/uploads\/2025\/08\/ipad.jpg 1552w, https:\/\/maakal.com\/apple\/wp-content\/uploads\/2025\/08\/ipad-300x209.jpg 300w, https:\/\/maakal.com\/apple\/wp-content\/uploads\/2025\/08\/ipad-1024x713.jpg 1024w, https:\/\/maakal.com\/apple\/wp-content\/uploads\/2025\/08\/ipad-768x534.jpg 768w, https:\/\/maakal.com\/apple\/wp-content\/uploads\/2025\/08\/ipad-1536x1069.jpg 1536w, https:\/\/maakal.com\/apple\/wp-content\/uploads\/2025\/08\/ipad-600x418.jpg 600w\" sizes=\"(max-width: 1552px) 100vw, 1552px\" \/>\t\t\t\t\t\t\t\t\t\t\t\t\t\t\t<\/div>\n\t\t\t\t<\/div>\n\t\t<div class=\"elementor-element elementor-element-c6421da e-flex e-con-boxed e-con e-parent\" data-id=\"c6421da\" data-element_type=\"container\">\n\t\t\t\t\t<div class=\"e-con-inner\">\n\t\t\t\t<div class=\"elementor-element elementor-element-a9ac937 elementor-widget__width-initial elementor-invisible elementor-widget elementor-widget-heading\" data-id=\"a9ac937\" data-element_type=\"widget\" data-settings=\"{&quot;_animation&quot;:&quot;fadeInUp&quot;}\" data-widget_type=\"heading.default\">\n\t\t\t\t\t<h2 class=\"elementor-heading-title elementor-size-default\">El iPad es un gran negocio para cualquier empresa.<\/h2>\t\t\t\t<\/div>\n\t\t\t\t<div class=\"elementor-element elementor-element-6274601 elementor-widget__width-initial animated-slow elementor-invisible elementor-widget elementor-widget-text-editor\" data-id=\"6274601\" data-element_type=\"widget\" data-settings=\"{&quot;_animation&quot;:&quot;fadeInUp&quot;}\" data-widget_type=\"text-editor.default\">\n\t\t\t\t\t\t\t\t\t<p><span style=\"font-weight: 400;\">Viene con los potentes chips de Apple que te permiten usar todas tus apps favoritas, como Microsoft 365, Tableau y Slack. Es vers\u00e1til, port\u00e1til y f\u00e1cil de usar. Tu equipo tiene todo lo que necesita para trabajar en cualquier lugar.<\/span><\/p>\t\t\t\t\t\t\t\t<\/div>\n\t\t\t\t\t<\/div>\n\t\t\t\t<\/div>\n\t\t<div class=\"elementor-element elementor-element-497e67a e-flex e-con-boxed e-con e-parent\" data-id=\"497e67a\" data-element_type=\"container\">\n\t\t\t\t\t<div class=\"e-con-inner\">\n\t\t<div class=\"elementor-element elementor-element-00dbd96 e-con-full e-flex e-con e-child\" data-id=\"00dbd96\" data-element_type=\"container\">\n\t\t\t\t<div class=\"elementor-element elementor-element-4f8c880 elementor-widget__width-initial animated-slow elementor-invisible elementor-widget elementor-widget-text-editor\" data-id=\"4f8c880\" data-element_type=\"widget\" data-settings=\"{&quot;_animation&quot;:&quot;fadeInUp&quot;}\" data-widget_type=\"text-editor.default\">\n\t\t\t\t\t\t\t\t\t<p><strong>Explora el poder de trabajar diferente<\/strong><\/p>\t\t\t\t\t\t\t\t<\/div>\n\t\t\t\t<\/div>\n\t\t<div class=\"elementor-element elementor-element-462a321 e-con-full e-flex e-con e-child\" data-id=\"462a321\" data-element_type=\"container\">\n\t\t<div class=\"elementor-element elementor-element-a1f7995 e-con-full e-flex e-con e-child\" data-id=\"a1f7995\" data-element_type=\"container\">\n\t\t\t\t<div class=\"elementor-element elementor-element-0ae229d elementor-widget elementor-widget-image\" data-id=\"0ae229d\" data-element_type=\"widget\" data-widget_type=\"image.default\">\n\t\t\t\t\t\t\t\t\t\t\t\t\t\t\t\t<a href=\"https:\/\/maakal.com\/apple\/producto\/ipad-pro\/\">\n\t\t\t\t\t\t\t<img decoding=\"async\" width=\"1200\" height=\"1200\" src=\"https:\/\/maakal.com\/apple\/wp-content\/uploads\/2025\/07\/iPad_Pro_13-inch_M4_Chip_Wi-Fi_Hero_Vertical_RGB_Hi-Res__USEN.jpg\" class=\"attachment-full size-full wp-image-262\" alt=\"\" srcset=\"https:\/\/maakal.com\/apple\/wp-content\/uploads\/2025\/07\/iPad_Pro_13-inch_M4_Chip_Wi-Fi_Hero_Vertical_RGB_Hi-Res__USEN.jpg 1200w, https:\/\/maakal.com\/apple\/wp-content\/uploads\/2025\/07\/iPad_Pro_13-inch_M4_Chip_Wi-Fi_Hero_Vertical_RGB_Hi-Res__USEN-300x300.jpg 300w, https:\/\/maakal.com\/apple\/wp-content\/uploads\/2025\/07\/iPad_Pro_13-inch_M4_Chip_Wi-Fi_Hero_Vertical_RGB_Hi-Res__USEN-100x100.jpg 100w, https:\/\/maakal.com\/apple\/wp-content\/uploads\/2025\/07\/iPad_Pro_13-inch_M4_Chip_Wi-Fi_Hero_Vertical_RGB_Hi-Res__USEN-600x600.jpg 600w, https:\/\/maakal.com\/apple\/wp-content\/uploads\/2025\/07\/iPad_Pro_13-inch_M4_Chip_Wi-Fi_Hero_Vertical_RGB_Hi-Res__USEN-1024x1024.jpg 1024w, https:\/\/maakal.com\/apple\/wp-content\/uploads\/2025\/07\/iPad_Pro_13-inch_M4_Chip_Wi-Fi_Hero_Vertical_RGB_Hi-Res__USEN-150x150.jpg 150w, https:\/\/maakal.com\/apple\/wp-content\/uploads\/2025\/07\/iPad_Pro_13-inch_M4_Chip_Wi-Fi_Hero_Vertical_RGB_Hi-Res__USEN-768x768.jpg 768w\" sizes=\"(max-width: 1200px) 100vw, 1200px\" \/>\t\t\t\t\t\t\t\t<\/a>\n\t\t\t\t\t\t\t\t\t\t\t\t\t\t\t<\/div>\n\t\t\t\t<div class=\"elementor-element elementor-element-3bc8c09 elementor-align-center elementor-widget elementor-widget-button\" data-id=\"3bc8c09\" data-element_type=\"widget\" data-widget_type=\"button.default\">\n\t\t\t\t\t\t\t\t\t\t<a class=\"elementor-button elementor-button-link elementor-size-sm\" href=\"https:\/\/maakal.com\/apple\/producto\/ipad-pro\/\">\n\t\t\t\t\t\t<span class=\"elementor-button-content-wrapper\">\n\t\t\t\t\t\t\t\t\t<span class=\"elementor-button-text\">iPad Pro<\/span>\n\t\t\t\t\t<\/span>\n\t\t\t\t\t<\/a>\n\t\t\t\t\t\t\t\t<\/div>\n\t\t\t\t<\/div>\n\t\t<div class=\"elementor-element elementor-element-da8bf6b e-con-full e-flex e-con e-child\" data-id=\"da8bf6b\" data-element_type=\"container\">\n\t\t\t\t<div class=\"elementor-element elementor-element-4f23ca3 elementor-widget elementor-widget-image\" data-id=\"4f23ca3\" data-element_type=\"widget\" data-widget_type=\"image.default\">\n\t\t\t\t\t\t\t\t\t\t\t\t\t\t\t\t<a href=\"https:\/\/maakal.com\/apple\/producto\/ipad-air\/\">\n\t\t\t\t\t\t\t<img decoding=\"async\" width=\"1112\" height=\"1098\" src=\"https:\/\/maakal.com\/apple\/wp-content\/uploads\/2025\/07\/iPad_Air_13-inch_M3_Chip_Cellular_Starlight_2-Up_Print__USEN-e1754431375711.jpg\" class=\"attachment-full size-full wp-image-267\" alt=\"\" srcset=\"https:\/\/maakal.com\/apple\/wp-content\/uploads\/2025\/07\/iPad_Air_13-inch_M3_Chip_Cellular_Starlight_2-Up_Print__USEN-e1754431375711.jpg 1112w, https:\/\/maakal.com\/apple\/wp-content\/uploads\/2025\/07\/iPad_Air_13-inch_M3_Chip_Cellular_Starlight_2-Up_Print__USEN-e1754431375711-100x100.jpg 100w, https:\/\/maakal.com\/apple\/wp-content\/uploads\/2025\/07\/iPad_Air_13-inch_M3_Chip_Cellular_Starlight_2-Up_Print__USEN-e1754431375711-600x592.jpg 600w, https:\/\/maakal.com\/apple\/wp-content\/uploads\/2025\/07\/iPad_Air_13-inch_M3_Chip_Cellular_Starlight_2-Up_Print__USEN-e1754431375711-300x296.jpg 300w, https:\/\/maakal.com\/apple\/wp-content\/uploads\/2025\/07\/iPad_Air_13-inch_M3_Chip_Cellular_Starlight_2-Up_Print__USEN-e1754431375711-1024x1011.jpg 1024w, https:\/\/maakal.com\/apple\/wp-content\/uploads\/2025\/07\/iPad_Air_13-inch_M3_Chip_Cellular_Starlight_2-Up_Print__USEN-e1754431375711-768x758.jpg 768w\" sizes=\"(max-width: 1112px) 100vw, 1112px\" \/>\t\t\t\t\t\t\t\t<\/a>\n\t\t\t\t\t\t\t\t\t\t\t\t\t\t\t<\/div>\n\t\t\t\t<div class=\"elementor-element elementor-element-a423030 elementor-align-center elementor-widget elementor-widget-button\" data-id=\"a423030\" data-element_type=\"widget\" data-widget_type=\"button.default\">\n\t\t\t\t\t\t\t\t\t\t<a class=\"elementor-button elementor-button-link elementor-size-sm\" href=\"https:\/\/maakal.com\/apple\/producto\/ipad-air\/\">\n\t\t\t\t\t\t<span class=\"elementor-button-content-wrapper\">\n\t\t\t\t\t\t\t\t\t<span class=\"elementor-button-text\">iPad Air<\/span>\n\t\t\t\t\t<\/span>\n\t\t\t\t\t<\/a>\n\t\t\t\t\t\t\t\t<\/div>\n\t\t\t\t<\/div>\n\t\t\t\t<\/div>\n\t\t\t\t\t<\/div>\n\t\t\t\t<\/div>\n\t\t<div class=\"elementor-element elementor-element-1046622 e-flex e-con-boxed e-con e-parent\" data-id=\"1046622\" data-element_type=\"container\" data-settings=\"{&quot;background_background&quot;:&quot;classic&quot;}\">\n\t\t\t\t\t<div class=\"e-con-inner\">\n\t\t\t\t<div class=\"elementor-element elementor-element-cdf09f6 elementor-widget elementor-widget-text-editor\" data-id=\"cdf09f6\" data-element_type=\"widget\" data-widget_type=\"text-editor.default\">\n\t\t\t\t\t\t\t\t\t<h6><b>Aviso legal<\/b><\/h6><p><span style=\"font-weight: 400;\">Apple Intelligence est\u00e1 disponible en versi\u00f3n beta con una actualizaci\u00f3n de macOS Sequoia en todos los modelos de Mac con chip M1 y posteriores, con Siri y el idioma del dispositivo configurados en ingl\u00e9s de Australia, Canad\u00e1, Irlanda, Nueva Zelanda, Sud\u00e1frica, Reino Unido o Estados Unidos. Algunas funcionalidades e idiomas, como espa\u00f1ol, portugu\u00e9s (Brasil), chino (simplificado), ingl\u00e9s (India, Singapur), franc\u00e9s, alem\u00e1n, italiano, japon\u00e9s y coreano, estar\u00e1n disponibles a principios de abril. Se ir\u00e1n agregando otros idiomas, como vietnamita, en el transcurso del a\u00f1o. Algunas funcionalidades podr\u00edan no estar disponibles en todas las regiones o idiomas.<\/span><\/p>\t\t\t\t\t\t\t\t<\/div>\n\t\t\t\t\t<\/div>\n\t\t\t\t<\/div>\n\t\t\t\t<\/div>\n\t\t","protected":false},"excerpt":{"rendered":"<p>iPad Dise\u00f1ado para tus equipos. Y para todo lo que hacen. El iPad es un gran negocio para cualquier empresa. Viene con los potentes chips de Apple que te permiten usar todas tus apps favoritas, como Microsoft 365, Tableau y Slack. Es vers\u00e1til, port\u00e1til y f\u00e1cil de usar. Tu equipo tiene todo lo que necesita [&hellip;]<\/p>\n","protected":false},"author":1,"featured_media":260,"parent":0,"menu_order":0,"comment_status":"closed","ping_status":"closed","template":"","meta":{"_acf_changed":false,"footnotes":""},"class_list":["post-794","page","type-page","status-publish","has-post-thumbnail","hentry"],"acf":[],"_links":{"self":[{"href":"https:\/\/maakal.com\/apple\/wp-json\/wp\/v2\/pages\/794","targetHints":{"allow":["GET"]}}],"collection":[{"href":"https:\/\/maakal.com\/apple\/wp-json\/wp\/v2\/pages"}],"about":[{"href":"https:\/\/maakal.com\/apple\/wp-json\/wp\/v2\/types\/page"}],"author":[{"embeddable":true,"href":"https:\/\/maakal.com\/apple\/wp-json\/wp\/v2\/users\/1"}],"replies":[{"embeddable":true,"href":"https:\/\/maakal.com\/apple\/wp-json\/wp\/v2\/comments?post=794"}],"version-history":[{"count":43,"href":"https:\/\/maakal.com\/apple\/wp-json\/wp\/v2\/pages\/794\/revisions"}],"predecessor-version":[{"id":1080,"href":"https:\/\/maakal.com\/apple\/wp-json\/wp\/v2\/pages\/794\/revisions\/1080"}],"wp:featuredmedia":[{"embeddable":true,"href":"https:\/\/maakal.com\/apple\/wp-json\/wp\/v2\/media\/260"}],"wp:attachment":[{"href":"https:\/\/maakal.com\/apple\/wp-json\/wp\/v2\/media?parent=794"}],"curies":[{"name":"wp","href":"https:\/\/api.w.org\/{rel}","templated":true}]}}