{"id":725,"date":"2025-08-05T20:30:01","date_gmt":"2025-08-05T20:30:01","guid":{"rendered":"https:\/\/maakal.com\/apple-colombia\/?page_id=725"},"modified":"2026-03-13T20:18:44","modified_gmt":"2026-03-13T20:18:44","slug":"mac","status":"publish","type":"page","link":"https:\/\/maakal.com\/apple\/mac\/","title":{"rendered":"Mac"},"content":{"rendered":"\t\t<div data-elementor-type=\"wp-page\" data-elementor-id=\"725\" class=\"elementor elementor-725\" data-elementor-post-type=\"page\">\n\t\t\t\t<div class=\"elementor-element elementor-element-d1571e9 e-flex e-con-boxed e-con e-parent\" data-id=\"d1571e9\" data-element_type=\"container\">\n\t\t\t\t\t<div class=\"e-con-inner\">\n\t\t<div class=\"elementor-element elementor-element-d0f00fd e-con-full e-flex e-con e-child\" data-id=\"d0f00fd\" data-element_type=\"container\">\n\t\t\t\t<div class=\"elementor-element elementor-element-b7bb313 elementor-widget elementor-widget-heading\" data-id=\"b7bb313\" data-element_type=\"widget\" data-widget_type=\"heading.default\">\n\t\t\t\t\t<h1 class=\"elementor-heading-title elementor-size-default\">Mac<\/h1>\t\t\t\t<\/div>\n\t\t\t\t<\/div>\n\t\t<div class=\"elementor-element elementor-element-77d5bce e-con-full e-flex e-con e-child\" data-id=\"77d5bce\" data-element_type=\"container\">\n\t\t\t\t<\/div>\n\t\t<div class=\"elementor-element elementor-element-ce02e8d e-con-full e-flex e-con e-child\" data-id=\"ce02e8d\" data-element_type=\"container\">\n\t\t\t\t<\/div>\n\t\t<div class=\"elementor-element elementor-element-06b0497 e-con-full e-flex e-con e-child\" data-id=\"06b0497\" data-element_type=\"container\">\n\t\t\t\t<div class=\"elementor-element elementor-element-40c7276 elementor-widget elementor-widget-text-editor\" data-id=\"40c7276\" data-element_type=\"widget\" data-widget_type=\"text-editor.default\">\n\t\t\t\t\t\t\t\t\t<p><strong>Es un buen momento para que tu empresa se cambie a Mac.<\/strong><\/p>\t\t\t\t\t\t\t\t<\/div>\n\t\t\t\t<\/div>\n\t\t\t\t\t<\/div>\n\t\t\t\t<\/div>\n\t\t<div class=\"elementor-element elementor-element-b1eae05 e-flex e-con-boxed e-con e-parent\" data-id=\"b1eae05\" data-element_type=\"container\">\n\t\t\t\t\t<div class=\"e-con-inner\">\n\t\t\t\t<div class=\"elementor-element elementor-element-03d0d71 e-transform elementor-widget elementor-widget-image\" data-id=\"03d0d71\" data-element_type=\"widget\" data-settings=\"{&quot;motion_fx_motion_fx_scrolling&quot;:&quot;yes&quot;,&quot;motion_fx_scale_effect&quot;:&quot;yes&quot;,&quot;motion_fx_scale_direction&quot;:&quot;in-out&quot;,&quot;motion_fx_scale_speed&quot;:{&quot;unit&quot;:&quot;px&quot;,&quot;size&quot;:1,&quot;sizes&quot;:[]},&quot;motion_fx_scale_range&quot;:{&quot;unit&quot;:&quot;%&quot;,&quot;size&quot;:&quot;&quot;,&quot;sizes&quot;:{&quot;start&quot;:20,&quot;end&quot;:64}},&quot;motion_fx_devices&quot;:[&quot;desktop&quot;,&quot;tablet&quot;,&quot;mobile&quot;],&quot;_transform_scaleX_effect&quot;:{&quot;unit&quot;:&quot;px&quot;,&quot;size&quot;:&quot;&quot;,&quot;sizes&quot;:[]},&quot;_transform_scaleX_effect_tablet&quot;:{&quot;unit&quot;:&quot;px&quot;,&quot;size&quot;:&quot;&quot;,&quot;sizes&quot;:[]},&quot;_transform_scaleX_effect_mobile&quot;:{&quot;unit&quot;:&quot;px&quot;,&quot;size&quot;:&quot;&quot;,&quot;sizes&quot;:[]},&quot;_transform_scaleY_effect&quot;:{&quot;unit&quot;:&quot;px&quot;,&quot;size&quot;:&quot;&quot;,&quot;sizes&quot;:[]},&quot;_transform_scaleY_effect_tablet&quot;:{&quot;unit&quot;:&quot;px&quot;,&quot;size&quot;:&quot;&quot;,&quot;sizes&quot;:[]},&quot;_transform_scaleY_effect_mobile&quot;:{&quot;unit&quot;:&quot;px&quot;,&quot;size&quot;:&quot;&quot;,&quot;sizes&quot;:[]}}\" data-widget_type=\"image.default\">\n\t\t\t\t\t\t\t\t\t\t\t\t\t\t\t<img fetchpriority=\"high\" decoding=\"async\" width=\"1920\" height=\"771\" src=\"https:\/\/maakal.com\/apple\/wp-content\/uploads\/2025\/08\/mac.jpg\" class=\"attachment-full size-full wp-image-756\" alt=\"\" srcset=\"https:\/\/maakal.com\/apple\/wp-content\/uploads\/2025\/08\/mac.jpg 1920w, https:\/\/maakal.com\/apple\/wp-content\/uploads\/2025\/08\/mac-300x120.jpg 300w, https:\/\/maakal.com\/apple\/wp-content\/uploads\/2025\/08\/mac-1024x411.jpg 1024w, https:\/\/maakal.com\/apple\/wp-content\/uploads\/2025\/08\/mac-768x308.jpg 768w, https:\/\/maakal.com\/apple\/wp-content\/uploads\/2025\/08\/mac-1536x617.jpg 1536w, https:\/\/maakal.com\/apple\/wp-content\/uploads\/2025\/08\/mac-600x241.jpg 600w\" sizes=\"(max-width: 1920px) 100vw, 1920px\" \/>\t\t\t\t\t\t\t\t\t\t\t\t\t\t\t<\/div>\n\t\t\t\t\t<\/div>\n\t\t\t\t<\/div>\n\t\t<div class=\"elementor-element elementor-element-d31cfce e-flex e-con-boxed e-con e-parent\" data-id=\"d31cfce\" data-element_type=\"container\">\n\t\t\t\t\t<div class=\"e-con-inner\">\n\t\t\t\t<div class=\"elementor-element elementor-element-ff715f5 elementor-widget__width-initial elementor-widget-tablet__width-initial elementor-invisible elementor-widget elementor-widget-heading\" data-id=\"ff715f5\" data-element_type=\"widget\" data-settings=\"{&quot;_animation&quot;:&quot;fadeInUp&quot;}\" data-widget_type=\"heading.default\">\n\t\t\t\t\t<h2 class=\"elementor-heading-title elementor-size-default\">Descubre el extraordinario rendimiento de la Mac.<\/h2>\t\t\t\t<\/div>\n\t\t\t\t<div class=\"elementor-element elementor-element-a8c70b5 elementor-widget__width-initial animated-slow elementor-widget-tablet__width-initial elementor-invisible elementor-widget elementor-widget-text-editor\" data-id=\"a8c70b5\" data-element_type=\"widget\" data-settings=\"{&quot;_animation&quot;:&quot;fadeInUp&quot;}\" data-widget_type=\"text-editor.default\">\n\t\t\t\t\t\t\t\t\t<p><span style=\"font-weight: 400;\">Con la revolucionaria potencia de los chips de Apple, almacenamiento SSD ultrarr\u00e1pido y espectaculares pantallas, la productividad de tus equipos de trabajo no conocer\u00e1 l\u00edmites.<\/span><\/p>\t\t\t\t\t\t\t\t<\/div>\n\t\t\t\t\t<\/div>\n\t\t\t\t<\/div>\n\t\t<div class=\"elementor-element elementor-element-7849d47 e-flex e-con-boxed e-con e-parent\" data-id=\"7849d47\" data-element_type=\"container\">\n\t\t\t\t\t<div class=\"e-con-inner\">\n\t\t<div class=\"elementor-element elementor-element-52bf92c e-con-full e-flex e-con e-child\" data-id=\"52bf92c\" data-element_type=\"container\">\n\t\t\t\t<div class=\"elementor-element elementor-element-ea1a0cc elementor-widget__width-initial animated-slow elementor-invisible elementor-widget elementor-widget-text-editor\" data-id=\"ea1a0cc\" data-element_type=\"widget\" data-settings=\"{&quot;_animation&quot;:&quot;fadeInUp&quot;}\" data-widget_type=\"text-editor.default\">\n\t\t\t\t\t\t\t\t\t<p><strong>Explora el poder de trabajar diferente<\/strong><\/p>\t\t\t\t\t\t\t\t<\/div>\n\t\t\t\t<\/div>\n\t\t<div class=\"elementor-element elementor-element-3714f93 e-con-full e-flex e-con e-child\" data-id=\"3714f93\" data-element_type=\"container\">\n\t\t<div class=\"elementor-element elementor-element-1aa120a e-con-full e-flex e-con e-child\" data-id=\"1aa120a\" data-element_type=\"container\">\n\t\t\t\t<div class=\"elementor-element elementor-element-05697d2 elementor-widget elementor-widget-image\" data-id=\"05697d2\" data-element_type=\"widget\" data-widget_type=\"image.default\">\n\t\t\t\t\t\t\t\t\t\t\t\t\t\t\t\t<a href=\"https:\/\/maakal.com\/apple\/producto\/macbook-pro\/\">\n\t\t\t\t\t\t\t<img decoding=\"async\" width=\"1000\" height=\"575\" src=\"https:\/\/maakal.com\/apple\/wp-content\/uploads\/2026\/03\/MacBook_13-in_A18_Pro_Citrus_PDP_Image_Position_1__COES-e1773433051838.jpg\" class=\"attachment-full size-full wp-image-1411\" alt=\"\" srcset=\"https:\/\/maakal.com\/apple\/wp-content\/uploads\/2026\/03\/MacBook_13-in_A18_Pro_Citrus_PDP_Image_Position_1__COES-e1773433051838.jpg 1000w, https:\/\/maakal.com\/apple\/wp-content\/uploads\/2026\/03\/MacBook_13-in_A18_Pro_Citrus_PDP_Image_Position_1__COES-e1773433051838-300x173.jpg 300w, https:\/\/maakal.com\/apple\/wp-content\/uploads\/2026\/03\/MacBook_13-in_A18_Pro_Citrus_PDP_Image_Position_1__COES-e1773433051838-768x442.jpg 768w, https:\/\/maakal.com\/apple\/wp-content\/uploads\/2026\/03\/MacBook_13-in_A18_Pro_Citrus_PDP_Image_Position_1__COES-e1773433051838-600x345.jpg 600w\" sizes=\"(max-width: 1000px) 100vw, 1000px\" \/>\t\t\t\t\t\t\t\t<\/a>\n\t\t\t\t\t\t\t\t\t\t\t\t\t\t\t<\/div>\n\t\t\t\t<div class=\"elementor-element elementor-element-81e4f9b elementor-align-center elementor-widget elementor-widget-button\" data-id=\"81e4f9b\" data-element_type=\"widget\" data-widget_type=\"button.default\">\n\t\t\t\t\t\t\t\t\t\t<a class=\"elementor-button elementor-button-link elementor-size-sm\" href=\"https:\/\/maakal.com\/apple\/producto\/macbook-neo-13\/\">\n\t\t\t\t\t\t<span class=\"elementor-button-content-wrapper\">\n\t\t\t\t\t\t\t\t\t<span class=\"elementor-button-text\">MacBook Neo<\/span>\n\t\t\t\t\t<\/span>\n\t\t\t\t\t<\/a>\n\t\t\t\t\t\t\t\t<\/div>\n\t\t\t\t<\/div>\n\t\t<div class=\"elementor-element elementor-element-632b16a e-con-full e-flex e-con e-child\" data-id=\"632b16a\" data-element_type=\"container\">\n\t\t\t\t<div class=\"elementor-element elementor-element-f2ba5d8 elementor-widget elementor-widget-image\" data-id=\"f2ba5d8\" data-element_type=\"widget\" data-widget_type=\"image.default\">\n\t\t\t\t\t\t\t\t\t\t\t\t\t\t\t\t<a href=\"https:\/\/maakal.com\/apple\/producto\/macbook-air\/\">\n\t\t\t\t\t\t\t<img decoding=\"async\" width=\"1200\" height=\"806\" src=\"https:\/\/maakal.com\/apple\/wp-content\/uploads\/2025\/07\/MacBook_Air_13-in_M4_Chip_Midnight_Pure_Front_Screen__USEN.jpg\" class=\"attachment-full size-full wp-image-248\" alt=\"\" srcset=\"https:\/\/maakal.com\/apple\/wp-content\/uploads\/2025\/07\/MacBook_Air_13-in_M4_Chip_Midnight_Pure_Front_Screen__USEN.jpg 1200w, https:\/\/maakal.com\/apple\/wp-content\/uploads\/2025\/07\/MacBook_Air_13-in_M4_Chip_Midnight_Pure_Front_Screen__USEN-600x403.jpg 600w, https:\/\/maakal.com\/apple\/wp-content\/uploads\/2025\/07\/MacBook_Air_13-in_M4_Chip_Midnight_Pure_Front_Screen__USEN-300x202.jpg 300w, https:\/\/maakal.com\/apple\/wp-content\/uploads\/2025\/07\/MacBook_Air_13-in_M4_Chip_Midnight_Pure_Front_Screen__USEN-1024x688.jpg 1024w, https:\/\/maakal.com\/apple\/wp-content\/uploads\/2025\/07\/MacBook_Air_13-in_M4_Chip_Midnight_Pure_Front_Screen__USEN-768x516.jpg 768w\" sizes=\"(max-width: 1200px) 100vw, 1200px\" \/>\t\t\t\t\t\t\t\t<\/a>\n\t\t\t\t\t\t\t\t\t\t\t\t\t\t\t<\/div>\n\t\t\t\t<div class=\"elementor-element elementor-element-66e72f4 elementor-align-center elementor-widget elementor-widget-button\" data-id=\"66e72f4\" data-element_type=\"widget\" data-widget_type=\"button.default\">\n\t\t\t\t\t\t\t\t\t\t<a class=\"elementor-button elementor-button-link elementor-size-sm\" href=\"https:\/\/maakal.com\/apple\/producto\/macbook-air\/\">\n\t\t\t\t\t\t<span class=\"elementor-button-content-wrapper\">\n\t\t\t\t\t\t\t\t\t<span class=\"elementor-button-text\">MacBook Air<\/span>\n\t\t\t\t\t<\/span>\n\t\t\t\t\t<\/a>\n\t\t\t\t\t\t\t\t<\/div>\n\t\t\t\t<\/div>\n\t\t<div class=\"elementor-element elementor-element-36fe633 e-con-full e-flex e-con e-child\" data-id=\"36fe633\" data-element_type=\"container\">\n\t\t\t\t<div class=\"elementor-element elementor-element-fa315e8 elementor-widget elementor-widget-image\" data-id=\"fa315e8\" data-element_type=\"widget\" data-widget_type=\"image.default\">\n\t\t\t\t\t\t\t\t\t\t\t\t\t\t\t\t<a href=\"https:\/\/maakal.com\/apple\/producto\/macbook-pro\/\">\n\t\t\t\t\t\t\t<img loading=\"lazy\" decoding=\"async\" width=\"1200\" height=\"804\" src=\"https:\/\/maakal.com\/apple\/wp-content\/uploads\/2025\/07\/MacBook_Pro_14-in_M4_Space_Black_Pure_Front_Screen__USEN-1.jpg\" class=\"attachment-full size-full wp-image-244\" alt=\"\" srcset=\"https:\/\/maakal.com\/apple\/wp-content\/uploads\/2025\/07\/MacBook_Pro_14-in_M4_Space_Black_Pure_Front_Screen__USEN-1.jpg 1200w, https:\/\/maakal.com\/apple\/wp-content\/uploads\/2025\/07\/MacBook_Pro_14-in_M4_Space_Black_Pure_Front_Screen__USEN-1-600x402.jpg 600w, https:\/\/maakal.com\/apple\/wp-content\/uploads\/2025\/07\/MacBook_Pro_14-in_M4_Space_Black_Pure_Front_Screen__USEN-1-300x201.jpg 300w, https:\/\/maakal.com\/apple\/wp-content\/uploads\/2025\/07\/MacBook_Pro_14-in_M4_Space_Black_Pure_Front_Screen__USEN-1-1024x686.jpg 1024w, https:\/\/maakal.com\/apple\/wp-content\/uploads\/2025\/07\/MacBook_Pro_14-in_M4_Space_Black_Pure_Front_Screen__USEN-1-768x515.jpg 768w\" sizes=\"(max-width: 1200px) 100vw, 1200px\" \/>\t\t\t\t\t\t\t\t<\/a>\n\t\t\t\t\t\t\t\t\t\t\t\t\t\t\t<\/div>\n\t\t\t\t<div class=\"elementor-element elementor-element-fbaaa11 elementor-align-center elementor-widget elementor-widget-button\" data-id=\"fbaaa11\" data-element_type=\"widget\" data-widget_type=\"button.default\">\n\t\t\t\t\t\t\t\t\t\t<a class=\"elementor-button elementor-button-link elementor-size-sm\" href=\"https:\/\/maakal.com\/apple\/producto\/macbook-pro\/\">\n\t\t\t\t\t\t<span class=\"elementor-button-content-wrapper\">\n\t\t\t\t\t\t\t\t\t<span class=\"elementor-button-text\">MacBook Pro<\/span>\n\t\t\t\t\t<\/span>\n\t\t\t\t\t<\/a>\n\t\t\t\t\t\t\t\t<\/div>\n\t\t\t\t<\/div>\n\t\t\t\t<\/div>\n\t\t\t\t\t<\/div>\n\t\t\t\t<\/div>\n\t\t<div class=\"elementor-element elementor-element-a798185 e-flex e-con-boxed e-con e-parent\" data-id=\"a798185\" data-element_type=\"container\" data-settings=\"{&quot;background_background&quot;:&quot;classic&quot;}\">\n\t\t\t\t\t<div class=\"e-con-inner\">\n\t\t\t\t<div class=\"elementor-element elementor-element-4676901 elementor-widget elementor-widget-text-editor\" data-id=\"4676901\" data-element_type=\"widget\" data-widget_type=\"text-editor.default\">\n\t\t\t\t\t\t\t\t\t<h6><b>Aviso legal<\/b><\/h6><p><span style=\"font-weight: 400;\">Apple Intelligence est\u00e1 disponible en versi\u00f3n beta con una actualizaci\u00f3n de macOS Sequoia en todos los modelos de Mac con chip M1 y posteriores, con Siri y el idioma del dispositivo configurados en ingl\u00e9s de Australia, Canad\u00e1, Irlanda, Nueva Zelanda, Sud\u00e1frica, Reino Unido o Estados Unidos. Algunas funcionalidades e idiomas, como espa\u00f1ol, portugu\u00e9s (Brasil), chino (simplificado), ingl\u00e9s (India, Singapur), franc\u00e9s, alem\u00e1n, italiano, japon\u00e9s y coreano, estar\u00e1n disponibles a principios de abril. Se ir\u00e1n agregando otros idiomas, como vietnamita, en el transcurso del a\u00f1o. Algunas funcionalidades podr\u00edan no estar disponibles en todas las regiones o idiomas.<\/span><\/p>\t\t\t\t\t\t\t\t<\/div>\n\t\t\t\t\t<\/div>\n\t\t\t\t<\/div>\n\t\t\t\t<\/div>\n\t\t","protected":false},"excerpt":{"rendered":"<p>Mac Es un buen momento para que tu empresa se cambie a Mac. Descubre el extraordinario rendimiento de la Mac. Con la revolucionaria potencia de los chips de Apple, almacenamiento SSD ultrarr\u00e1pido y espectaculares pantallas, la productividad de tus equipos de trabajo no conocer\u00e1 l\u00edmites. Explora el poder de trabajar diferente MacBook Neo MacBook Air [&hellip;]<\/p>\n","protected":false},"author":1,"featured_media":449,"parent":0,"menu_order":0,"comment_status":"closed","ping_status":"closed","template":"","meta":{"_acf_changed":false,"footnotes":""},"class_list":["post-725","page","type-page","status-publish","has-post-thumbnail","hentry"],"acf":[],"_links":{"self":[{"href":"https:\/\/maakal.com\/apple\/wp-json\/wp\/v2\/pages\/725","targetHints":{"allow":["GET"]}}],"collection":[{"href":"https:\/\/maakal.com\/apple\/wp-json\/wp\/v2\/pages"}],"about":[{"href":"https:\/\/maakal.com\/apple\/wp-json\/wp\/v2\/types\/page"}],"author":[{"embeddable":true,"href":"https:\/\/maakal.com\/apple\/wp-json\/wp\/v2\/users\/1"}],"replies":[{"embeddable":true,"href":"https:\/\/maakal.com\/apple\/wp-json\/wp\/v2\/comments?post=725"}],"version-history":[{"count":91,"href":"https:\/\/maakal.com\/apple\/wp-json\/wp\/v2\/pages\/725\/revisions"}],"predecessor-version":[{"id":1425,"href":"https:\/\/maakal.com\/apple\/wp-json\/wp\/v2\/pages\/725\/revisions\/1425"}],"wp:featuredmedia":[{"embeddable":true,"href":"https:\/\/maakal.com\/apple\/wp-json\/wp\/v2\/media\/449"}],"wp:attachment":[{"href":"https:\/\/maakal.com\/apple\/wp-json\/wp\/v2\/media?parent=725"}],"curies":[{"name":"wp","href":"https:\/\/api.w.org\/{rel}","templated":true}]}}